{"id":16102,"date":"2015-05-12T12:22:45","date_gmt":"2015-05-12T10:22:45","guid":{"rendered":"https:\/\/www.hostelvic.com\/?page_id=16102"},"modified":"2024-07-05T12:51:37","modified_gmt":"2024-07-05T10:51:37","slug":"inicio","status":"publish","type":"page","link":"https:\/\/www.hostelvic.com\/es\/","title":{"rendered":"Inicio"},"content":{"rendered":"<div class=\"wpb-content-wrapper\"><p>[vc_row css_animation=\u00bb\u00bb row_type=\u00bbrow\u00bb use_row_as_full_screen_section=\u00bbno\u00bb type=\u00bbfull_width\u00bb angled_section=\u00bbno\u00bb text_align=\u00bbright\u00bb background_image_as_pattern=\u00bbwithout_pattern\u00bb z_index=\u00bb\u00bb anchor=\u00bbinici\u00bb background_image=\u00bb16031&#8243;][vc_column width=\u00bb2\/3&#8243; offset=\u00bbvc_hidden-md vc_hidden-sm vc_hidden-xs\u00bb][\/vc_column][vc_column width=\u00bb1\/3&#8243; css=\u00bb.vc_custom_1720174230851{padding-top: 100px !important;padding-right: 100px !important;padding-bottom: 100px !important;padding-left: 100px !important;background-color: #3b484f !important;}\u00bb offset=\u00bbvc_hidden-md vc_hidden-sm vc_hidden-xs\u00bb][vc_single_image image=\u00bb15597&#8243; img_size=\u00bb115&#215;150&#8243; alignment=\u00bbright\u00bb css=\u00bb\u00bb qode_css_animation=\u00bb\u00bb][vc_empty_space height=\u00bb50&#8243;]<div class=\"custom_font_holder \" style=\"font-family: Playfair Display; font-style: normal; font-weight: 300; color: #ffffff; text-decoration: none; text-align: right; --qode-cf-font-size: 22px; --qode-cf-line-height: 28px; --qode-cf-font-size-1440: 22px; --qode-cf-line-height-1440: 28px; --qode-cf-font-size-1366: 22px; --qode-cf-line-height-1366: 28px; --qode-cf-font-size-1280: 22px; --qode-cf-line-height-1280: 28px; --qode-cf-font-size-1024: 22px; --qode-cf-line-height-1024: 28px; --qode-cf-font-size-768: 22px; --qode-cf-line-height-768: 28px; --qode-cf-font-size-680: 22px; --qode-cf-line-height-680: 28px; --qode-cf-font-size-480: 22px; --qode-cf-line-height-480: 28px;\">En Hostel Vic te ofrecemos la mejor experiencia en la compra, venta y reparaci\u00f3n de maquinaria de hosteler\u00eda en Vic (Osona). Nuestra misi\u00f3n es ofrecer productos y servicios de calidad.<\/div>[vc_empty_space height=\u00bb50&#8243;]<div class=\"custom_font_holder \" style=\"font-family: Playfair Display; font-style: normal; font-weight: 600; color: #ffffff; text-decoration: none; text-align: right; --qode-cf-font-size: 38px; --qode-cf-line-height: 44px; --qode-cf-font-size-1440: 38px; --qode-cf-line-height-1440: 44px; --qode-cf-font-size-1366: 38px; --qode-cf-line-height-1366: 44px; --qode-cf-font-size-1280: 38px; --qode-cf-line-height-1280: 44px; --qode-cf-font-size-1024: 38px; --qode-cf-line-height-1024: 44px; --qode-cf-font-size-768: 38px; --qode-cf-line-height-768: 44px; --qode-cf-font-size-680: 38px; --qode-cf-line-height-680: 44px; --qode-cf-font-size-480: 38px; --qode-cf-line-height-480: 44px;\">\u00a1Por qu\u00e9 tu satisfacci\u00f3n y tranquilidad son nuestra prioridad!<\/div>[vc_empty_space height=\u00bb50&#8243;]<a  itemprop=\"url\" href=\"\/es\/productos\/\" target=\"_self\" data-hover-background-color='#b9645a' data-hover-border-color='#b9645a' data-hover-color='#ffffff' class=\"qbutton  default\" style=\"color: #ffffff; border-color: #6c2b30; background-color: #6c2b30;\">VER PRODUCTOS<\/a>[\/vc_column][\/vc_row][vc_row css_animation=\u00bb\u00bb row_type=\u00bbrow\u00bb use_row_as_full_screen_section=\u00bbno\u00bb type=\u00bbfull_width\u00bb angled_section=\u00bbno\u00bb text_align=\u00bbcenter\u00bb background_image_as_pattern=\u00bbwithout_pattern\u00bb z_index=\u00bb\u00bb background_image=\u00bb15655&#8243;][vc_column width=\u00bb1\/2&#8243; offset=\u00bbvc_hidden-lg\u00bb][vc_single_image image=\u00bb16030&#8243; img_size=\u00bbfull\u00bb alignment=\u00bbcenter\u00bb css=\u00bb\u00bb qode_css_animation=\u00bb\u00bb][\/vc_column][vc_column width=\u00bb1\/2&#8243; css=\u00bb.vc_custom_1720174030972{padding-top: 25px !important;padding-right: 25px !important;padding-bottom: 25px !important;padding-left: 25px !important;background-color: #3b484f !important;}\u00bb offset=\u00bbvc_hidden-lg\u00bb][vc_single_image image=\u00bb15597&#8243; img_size=\u00bb57&#215;75&#8243; alignment=\u00bbcenter\u00bb css=\u00bb\u00bb qode_css_animation=\u00bb\u00bb][vc_empty_space height=\u00bb50&#8243;]<div class=\"custom_font_holder \" style=\"font-family: Playfair Display; font-style: normal; font-weight: 300; color: #ffffff; text-decoration: none; text-align: center; --qode-cf-font-size: 17px; --qode-cf-line-height: 24px; --qode-cf-font-size-1440: 17px; --qode-cf-line-height-1440: 24px; --qode-cf-font-size-1366: 17px; --qode-cf-line-height-1366: 24px; --qode-cf-font-size-1280: 17px; --qode-cf-line-height-1280: 24px; --qode-cf-font-size-1024: 17px; --qode-cf-line-height-1024: 24px; --qode-cf-font-size-768: 17px; --qode-cf-line-height-768: 24px; --qode-cf-font-size-680: 17px; --qode-cf-line-height-680: 24px; --qode-cf-font-size-480: 17px; --qode-cf-line-height-480: 24px;\">En Hostel Vic te ofrecemos la mejor experiencia en la compra, venta y reparaci\u00f3n de maquinaria de hosteler\u00eda en Vic (Osona). Nuestra misi\u00f3n es ofrecer productos y servicios de calidad.<\/div>[vc_empty_space height=\u00bb50&#8243;]<div class=\"custom_font_holder \" style=\"font-family: Playfair Display; font-style: normal; font-weight: 600; color: #ffffff; text-decoration: none; text-align: center; --qode-cf-font-size: 20px; --qode-cf-line-height: 26px; --qode-cf-font-size-1440: 20px; --qode-cf-line-height-1440: 26px; --qode-cf-font-size-1366: 20px; --qode-cf-line-height-1366: 26px; --qode-cf-font-size-1280: 20px; --qode-cf-line-height-1280: 26px; --qode-cf-font-size-1024: 20px; --qode-cf-line-height-1024: 26px; --qode-cf-font-size-768: 20px; --qode-cf-line-height-768: 26px; --qode-cf-font-size-680: 20px; --qode-cf-line-height-680: 26px; --qode-cf-font-size-480: 20px; --qode-cf-line-height-480: 26px;\">\u00a1Por qu\u00e9 tu satisfacci\u00f3n y tranquilidad son nuestra prioridad!<\/div>[vc_empty_space height=\u00bb50&#8243;]<a  itemprop=\"url\" href=\"\/es\/productos\/\" target=\"_self\" data-hover-background-color='#b9645a' data-hover-border-color='#b9645a' data-hover-color='#ffffff' class=\"qbutton  default\" style=\"color: #ffffff; border-color: #6c2b30; background-color: #6c2b30;\">VER PRODUCTOS<\/a>[\/vc_column][\/vc_row][vc_row css_animation=\u00bb\u00bb row_type=\u00bbrow\u00bb use_row_as_full_screen_section=\u00bbno\u00bb type=\u00bbgrid\u00bb angled_section=\u00bbno\u00bb text_align=\u00bbleft\u00bb background_image_as_pattern=\u00bbwithout_pattern\u00bb padding_top=\u00bb82&#8243; padding_bottom=\u00bb50&#8243; z_index=\u00bb\u00bb][vc_column width=\u00bb1\/2&#8243;][vc_column_text css=\u00bb\u00bb]<\/p>\n<h1 style=\"text-align: left;\">Venta y reparaci\u00f3n<br \/>\nde maquinaria por<br \/>\nen la hosteler\u00eda en Vic<\/h1>\n<p>[\/vc_column_text][vc_empty_space height=\u00bb50&#8243;][vc_column_text css=\u00bb\u00bb]<\/p>\n<p style=\"text-align: left;\">En Hostel Vic te ofrecemos la mejor experiencia en la compra, venta y reparaci\u00f3n de maquinaria de hosteler\u00eda en Vic (Osona). Tambi\u00e9n damos servicio al resto de comarcas de Catalu\u00f1a, sobre todo Ripoll\u00e8s, La Garrotxa, Moian\u00e8s, Bages, Garrotxa, Vall\u00e8s Oriental, Barcelon\u00e9s y La Selva. Nuestra misi\u00f3n es ofrecerle productos y servicios de la m\u00e1s alta calidad, ayudados por un equipo de profesionales comprometidos contigo. Porque tu satisfacci\u00f3n y tranquilidad son nuestra prioridad.<\/p>\n<p>[\/vc_column_text][vc_empty_space height=\u00bb50&#8243;]<a  itemprop=\"url\" href=\"\/es\/empresa\/\" target=\"_self\"  class=\"qbutton  default\" style=\"\">M\u00c1S SOBRE HOSTEL VIC<\/a>[vc_empty_space height=\u00bb50&#8243;][\/vc_column][vc_column width=\u00bb1\/2&#8243;][vc_single_image image=\u00bb16039&#8243; img_size=\u00bbfull\u00bb alignment=\u00bbcenter\u00bb css=\u00bb\u00bb qode_css_animation=\u00bb\u00bb][\/vc_column][\/vc_row][vc_row css_animation=\u00bb\u00bb row_type=\u00bbrow\u00bb use_row_as_full_screen_section=\u00bbno\u00bb type=\u00bbfull_width\u00bb angled_section=\u00bbno\u00bb text_align=\u00bbcenter\u00bb background_image_as_pattern=\u00bbwithout_pattern\u00bb z_index=\u00bb\u00bb][vc_column width=\u00bb1\/4&#8243;][qode_elements_holder background_color=\u00bb#3b484f\u00bb number_of_columns=\u00bbone_column\u00bb][qode_elements_holder_item vertical_alignment=\u00bbtop\u00bb horizontal_alignment=\u00bbcenter\u00bb advanced_animations=\u00bbno\u00bb item_padding=\u00bb50px 50px 50px 50px\u00bb]<div class='q_icon_with_title tiny normal_icon center '><div class=\"icon_holder \" style=\"margin: 0 0 35px 0; \"><span data-icon-type=\"normal\"  data-icon-hover-color=\"#ffffff\" style=\"font-size: 35px;\" class=\"qode_iwt_icon_holder q_font_awsome_icon fa-lg  \"><span aria-hidden=\"true\" class=\"qode_icon_font_elegant icon_puzzle qode_iwt_icon_element\" style=\"color: #ffffff;\" ><\/span><\/span><\/div><div class=\"icon_text_holder\" style=\"\"><div class=\"icon_text_inner\" style=\"\"><h2 class=\"icon_title\" style=\"color: #ffffff;font-weight: 600;\">ELEG\u00cdANOS POR NUESTRA EXPERIENCIA<\/h2><div class=\"separator small left\" style=\"height: 2px;background-color: #ffffff;width: 1px;margin-top: 10px;margin-bottom: 25px;\"><\/div><p style='color: #ffffff'>Con m\u00e1s de 20 a\u00f1os de experiencia en el sector, somos l\u00edderes en la venta y reparaci\u00f3n de maquinaria de hosteler\u00eda. Nuestro equipo cuenta con el conocimiento y la experiencia necesarios para resolver cualquier problema en tu Restaurante, Bar, Cafeter\u00eda o Hotel de forma r\u00e1pida y eficiente.<\/p><\/div><\/div><\/div>[\/qode_elements_holder_item][\/qode_elements_holder][\/vc_column][vc_column width=\u00bb1\/4&#8243;][qode_elements_holder background_color=\u00bb#af554b\u00bb number_of_columns=\u00bbone_column\u00bb][qode_elements_holder_item vertical_alignment=\u00bbtop\u00bb horizontal_alignment=\u00bbcenter\u00bb advanced_animations=\u00bbno\u00bb item_padding=\u00bb50px 50px 50px 50px\u00bb]<div class='q_icon_with_title tiny normal_icon center '><div class=\"icon_holder \" style=\"margin: 0 0 35px 0; \"><span data-icon-type=\"normal\"  data-icon-hover-color=\"#ffffff\" style=\"font-size: 35px;\" class=\"qode_iwt_icon_holder q_font_awsome_icon fa-lg  \"><span aria-hidden=\"true\" class=\"qode_icon_font_elegant icon_like qode_iwt_icon_element\" style=\"color: #ffffff;\" ><\/span><\/span><\/div><div class=\"icon_text_holder\" style=\"\"><div class=\"icon_text_inner\" style=\"\"><h2 class=\"icon_title\" style=\"color: #ffffff;font-weight: 600;\">ELEG\u00cdANOS POR LA CALIDAD DE LOS PRODUCTOS<\/h2><div class=\"separator small left\" style=\"height: 2px;background-color: #ffffff;width: 1px;margin-top: 10px;margin-bottom: 25px;\"><\/div><p style='color: #ffffff'>Trabajamos con las mejores marcas del mercado y somos distribuidores oficiales de marcas como MYCHEFF, SILANOS, INFRICO, INOXTREM, BERTO'S, REPAGAS, NTGAS, KITCHENAID, ROBOT COUPE... para asegurarte de que recibas productos de la m\u00e1s alta calidad y confianza.<\/p><\/div><\/div><\/div>[\/qode_elements_holder_item][\/qode_elements_holder][\/vc_column][vc_column width=\u00bb1\/4&#8243;][qode_elements_holder background_color=\u00bb#6c2b30&#8243; number_of_columns=\u00bbone_column\u00bb][qode_elements_holder_item vertical_alignment=\u00bbtop\u00bb horizontal_alignment=\u00bbcenter\u00bb advanced_animations=\u00bbno\u00bb item_padding=\u00bb50px 50px 50px 50px\u00bb]<div class='q_icon_with_title tiny normal_icon center '><div class=\"icon_holder \" style=\"margin: 0 0 35px 0; \"><span data-icon-type=\"normal\"  data-icon-hover-color=\"#ffffff\" style=\"font-size: 35px;\" class=\"qode_iwt_icon_holder q_font_awsome_icon fa-lg  \"><span aria-hidden=\"true\" class=\"qode_icon_font_elegant arrow_expand qode_iwt_icon_element\" style=\"color: #ffffff;\" ><\/span><\/span><\/div><div class=\"icon_text_holder\" style=\"\"><div class=\"icon_text_inner\" style=\"\"><h2 class=\"icon_title\" style=\"color: #ffffff;font-weight: 600;\">ELEG\u00cdANOS POR LA ATENCI\u00d3N PERSONALIZADA<\/h2><div class=\"separator small left\" style=\"height: 2px;background-color: #ffffff;width: 1px;margin-top: 10px;margin-bottom: 25px;\"><\/div><p style='color: #ffffff'>Eres \u00fanico, por lo que queremos ofrecerte un servicio pensado y personalizado adaptado a tus necesidades espec\u00edficas. Ya sea porque est\u00e1s buscando comprar un lavavajillas nuevo o necesitas reparar un horno existente, nuestro equipo est\u00e1 aqu\u00ed para ayudarte en cada paso del camino.<\/p><\/div><\/div><\/div>[\/qode_elements_holder_item][\/qode_elements_holder][\/vc_column][vc_column width=\u00bb1\/4&#8243;][qode_elements_holder background_color=\u00bb#3c4b6b\u00bb number_of_columns=\u00bbone_column\u00bb][qode_elements_holder_item vertical_alignment=\u00bbtop\u00bb horizontal_alignment=\u00bbcenter\u00bb advanced_animations=\u00bbno\u00bb item_padding=\u00bb50px 50px 50px 50px\u00bb]<div class='q_icon_with_title tiny normal_icon center '><div class=\"icon_holder \" style=\"margin: 0 0 35px 0; \"><span data-icon-type=\"normal\"  data-icon-hover-color=\"#ffffff\" style=\"font-size: 35px;\" class=\"qode_iwt_icon_holder q_font_awsome_icon fa-lg  \"><span aria-hidden=\"true\" class=\"qode_icon_font_elegant icon_toolbox qode_iwt_icon_element\" style=\"color: #ffffff;\" ><\/span><\/span><\/div><div class=\"icon_text_holder\" style=\"\"><div class=\"icon_text_inner\" style=\"\"><h2 class=\"icon_title\" style=\"color: #ffffff;font-weight: 600;\">ESCOGE POR NUESTROS SERVICIOS<\/h2><div class=\"separator small left\" style=\"height: 2px;background-color: #ffffff;width: 1px;margin-top: 10px;margin-bottom: 25px;\"><\/div><p style='color: #ffffff'>Venta de maquinaria de hosteler\u00eda nueva y de ocasi\u00f3n, reparaci\u00f3n y mantenimiento preventivo de \u00e9sta, asesoramiento personalizado profesional tanto en preventa como en posventa, soporte t\u00e9cnico tanto en instalaci\u00f3n como en reparaci\u00f3n y mantenimiento y departamento de dise\u00f1o de cocinas.<\/p><\/div><\/div><\/div>[\/qode_elements_holder_item][\/qode_elements_holder][\/vc_column][\/vc_row][vc_row css_animation=\u00bb\u00bb row_type=\u00bbrow\u00bb use_row_as_full_screen_section=\u00bbno\u00bb type=\u00bbfull_width\u00bb angled_section=\u00bbno\u00bb text_align=\u00bbleft\u00bb background_image_as_pattern=\u00bbwithout_pattern\u00bb padding_top=\u00bb113&#8243; padding_bottom=\u00bb113&#8243; z_index=\u00bb\u00bb][vc_column css=\u00bb.vc_custom_1431506105094{padding-right: 5% !important;padding-left: 5% !important;}\u00bb]<div class='qode_carousels_holder clearfix'><div class='qode_carousels' data-number-of-visible-items=''><ul class='slides'><li class='item'><div class=\"carousel_item_holder\"><span class='first_image_holder '><img decoding=\"async\" itemprop=\"image\" src=\"https:\/\/www.hostelvic.com\/wp-content\/uploads\/2024\/06\/hostel-vic-logo-altex.png\" alt=\"carousel image\" \/><\/span><\/div><\/li><li class='item'><div class=\"carousel_item_holder\"><span class='first_image_holder '><img decoding=\"async\" itemprop=\"image\" src=\"https:\/\/www.hostelvic.com\/wp-content\/uploads\/2024\/06\/hostel-vic-logo-bertos.png\" alt=\"carousel image\" \/><\/span><\/div><\/li><li class='item'><div class=\"carousel_item_holder\"><span class='first_image_holder '><img decoding=\"async\" itemprop=\"image\" src=\"https:\/\/www.hostelvic.com\/wp-content\/uploads\/2024\/06\/hostel-vic-logo-eurocort.png\" alt=\"carousel image\" \/><\/span><\/div><\/li><li class='item'><div class=\"carousel_item_holder\"><span class='first_image_holder '><img decoding=\"async\" itemprop=\"image\" src=\"https:\/\/www.hostelvic.com\/wp-content\/uploads\/2024\/06\/hostel-vic-logo-fricosmos.png\" alt=\"carousel image\" \/><\/span><\/div><\/li><li class='item'><div class=\"carousel_item_holder\"><span class='first_image_holder '><img decoding=\"async\" itemprop=\"image\" src=\"https:\/\/www.hostelvic.com\/wp-content\/uploads\/2024\/06\/hostel-vic-logo-infrico.png\" alt=\"carousel image\" \/><\/span><\/div><\/li><li class='item'><div class=\"carousel_item_holder\"><span class='first_image_holder '><img decoding=\"async\" itemprop=\"image\" src=\"https:\/\/www.hostelvic.com\/wp-content\/uploads\/2024\/06\/hostel-vic-logo-inoxtrend.png\" alt=\"carousel image\" \/><\/span><\/div><\/li><li class='item'><div class=\"carousel_item_holder\"><span class='first_image_holder '><img decoding=\"async\" itemprop=\"image\" src=\"https:\/\/www.hostelvic.com\/wp-content\/uploads\/2024\/06\/hostel-vic-logo-mainho.png\" alt=\"carousel image\" \/><\/span><\/div><\/li><li class='item'><div class=\"carousel_item_holder\"><span class='first_image_holder '><img decoding=\"async\" itemprop=\"image\" src=\"https:\/\/www.hostelvic.com\/wp-content\/uploads\/2024\/06\/hostel-vic-logo-maiser.png\" alt=\"carousel image\" \/><\/span><\/div><\/li><li class='item'><div class=\"carousel_item_holder\"><span class='first_image_holder '><img decoding=\"async\" itemprop=\"image\" src=\"https:\/\/www.hostelvic.com\/wp-content\/uploads\/2024\/06\/hostel-vic-logo-morguii.png\" alt=\"carousel image\" \/><\/span><\/div><\/li><li class='item'><div class=\"carousel_item_holder\"><span class='first_image_holder '><img decoding=\"async\" itemprop=\"image\" src=\"https:\/\/www.hostelvic.com\/wp-content\/uploads\/2024\/06\/hostel-vic-logo-mychef.png\" alt=\"carousel image\" \/><\/span><\/div><\/li><li class='item'><div class=\"carousel_item_holder\"><span class='first_image_holder '><img decoding=\"async\" itemprop=\"image\" src=\"https:\/\/www.hostelvic.com\/wp-content\/uploads\/2024\/06\/hostel-vic-logo-ontgas.png\" alt=\"carousel image\" \/><\/span><\/div><\/li><li class='item'><div class=\"carousel_item_holder\"><span class='first_image_holder '><img decoding=\"async\" itemprop=\"image\" src=\"https:\/\/www.hostelvic.com\/wp-content\/uploads\/2024\/06\/hostel-vic-logo-pcm.png\" alt=\"carousel image\" \/><\/span><\/div><\/li><li class='item'><div class=\"carousel_item_holder\"><span class='first_image_holder '><img decoding=\"async\" itemprop=\"image\" src=\"https:\/\/www.hostelvic.com\/wp-content\/uploads\/2024\/06\/hostel-vic-logo-pecomark.png\" alt=\"carousel image\" \/><\/span><\/div><\/li><li class='item'><div class=\"carousel_item_holder\"><span class='first_image_holder '><img decoding=\"async\" itemprop=\"image\" src=\"https:\/\/www.hostelvic.com\/wp-content\/uploads\/2024\/06\/hostel-vic-logo-repagas.png\" alt=\"carousel image\" \/><\/span><\/div><\/li><li class='item'><div class=\"carousel_item_holder\"><span class='first_image_holder '><img decoding=\"async\" itemprop=\"image\" src=\"https:\/\/www.hostelvic.com\/wp-content\/uploads\/2024\/06\/hostel-vic-logo-romagsa.png\" alt=\"carousel image\" \/><\/span><\/div><\/li><li class='item'><div class=\"carousel_item_holder\"><span class='first_image_holder '><img decoding=\"async\" itemprop=\"image\" src=\"https:\/\/www.hostelvic.com\/wp-content\/uploads\/2024\/06\/hostel-vic-logo-sammic.png\" alt=\"carousel image\" \/><\/span><\/div><\/li><li class='item'><div class=\"carousel_item_holder\"><span class='first_image_holder '><img decoding=\"async\" itemprop=\"image\" src=\"https:\/\/www.hostelvic.com\/wp-content\/uploads\/2024\/06\/hostel-vic-logo-savemah.png\" alt=\"carousel image\" \/><\/span><\/div><\/li><li class='item'><div class=\"carousel_item_holder\"><span class='first_image_holder '><img decoding=\"async\" itemprop=\"image\" src=\"https:\/\/www.hostelvic.com\/wp-content\/uploads\/2024\/06\/hostel-vic-logo-silanos.png\" alt=\"carousel image\" \/><\/span><\/div><\/li><li class='item'><div class=\"carousel_item_holder\"><span class='first_image_holder '><img decoding=\"async\" itemprop=\"image\" src=\"https:\/\/www.hostelvic.com\/wp-content\/uploads\/2024\/06\/hostel-vic-logo-ugolini.png\" alt=\"carousel image\" \/><\/span><\/div><\/li><li class='item'><div class=\"carousel_item_holder\"><span class='first_image_holder '><img decoding=\"async\" itemprop=\"image\" src=\"https:\/\/www.hostelvic.com\/wp-content\/uploads\/2024\/06\/hostel-vic-logo-vac-star.png\" alt=\"carousel image\" \/><\/span><\/div><\/li><\/ul><\/div><\/div>[\/vc_column][\/vc_row]<\/p>\n<\/div>","protected":false},"excerpt":{"rendered":"<p>[vc_row css_animation=\u00bb\u00bb row_type=\u00bbrow\u00bb use_row_as_full_screen_section=\u00bbno\u00bb type=\u00bbfull_width\u00bb angled_section=\u00bbno\u00bb text_align=\u00bbright\u00bb background_image_as_pattern=\u00bbwithout_pattern\u00bb z_index=\u00bb\u00bb anchor=\u00bbinici\u00bb background_image=\u00bb16031&#8243;][vc_column width=\u00bb2\/3&#8243; offset=\u00bbvc_hidden-md vc_hidden-sm vc_hidden-xs\u00bb][\/vc_column][vc_column width=\u00bb1\/3&#8243; css=\u00bb.vc_custom_1720174230851{padding-top: 100px !important;padding-right: 100px !important;padding-bottom: 100px !important;padding-left: 100px !important;background-color: #3b484f !important;}\u00bb offset=\u00bbvc_hidden-md vc_hidden-sm vc_hidden-xs\u00bb][vc_single_image image=\u00bb15597&#8243; img_size=\u00bb115&#215;150&#8243; alignment=\u00bbright\u00bb css=\u00bb\u00bb qode_css_animation=\u00bb\u00bb][vc_empty_space height=\u00bb50&#8243;][vc_empty_space height=\u00bb50&#8243;][vc_empty_space height=\u00bb50&#8243;][\/vc_column][\/vc_row][vc_row css_animation=\u00bb\u00bb row_type=\u00bbrow\u00bb use_row_as_full_screen_section=\u00bbno\u00bb type=\u00bbfull_width\u00bb angled_section=\u00bbno\u00bb text_align=\u00bbcenter\u00bb background_image_as_pattern=\u00bbwithout_pattern\u00bb z_index=\u00bb\u00bb background_image=\u00bb15655&#8243;][vc_column width=\u00bb1\/2&#8243; offset=\u00bbvc_hidden-lg\u00bb][vc_single_image image=\u00bb16030&#8243; img_size=\u00bbfull\u00bb alignment=\u00bbcenter\u00bb css=\u00bb\u00bb qode_css_animation=\u00bb\u00bb][\/vc_column][vc_column width=\u00bb1\/2&#8243; css=\u00bb.vc_custom_1720174030972{padding-top: 25px !important;padding-right: 25px !important;padding-bottom: 25px !important;padding-left: 25px !important;background-color: #3b484f !important;}\u00bb offset=\u00bbvc_hidden-lg\u00bb][vc_single_image image=\u00bb15597&#8243; img_size=\u00bb57&#215;75&#8243; alignment=\u00bbcenter\u00bb css=\u00bb\u00bb qode_css_animation=\u00bb\u00bb][vc_empty_space height=\u00bb50&#8243;][vc_empty_space height=\u00bb50&#8243;][vc_empty_space height=\u00bb50&#8243;][\/vc_column][\/vc_row][vc_row css_animation=\u00bb\u00bb row_type=\u00bbrow\u00bb use_row_as_full_screen_section=\u00bbno\u00bb type=\u00bbgrid\u00bb angled_section=\u00bbno\u00bb text_align=\u00bbleft\u00bb background_image_as_pattern=\u00bbwithout_pattern\u00bb padding_top=\u00bb82&#8243; padding_bottom=\u00bb50&#8243; z_index=\u00bb\u00bb][vc_column width=\u00bb1\/2&#8243;][vc_column_text css=\u00bb\u00bb] Venta y reparaci\u00f3n de maquinaria por en la hosteler\u00eda en Vic [\/vc_column_text][vc_empty_space height=\u00bb50&#8243;][vc_column_text css=\u00bb\u00bb] En Hostel Vic te ofrecemos la mejor experiencia en la compra, venta y reparaci\u00f3n de maquinaria de hosteler\u00eda en Vic (Osona). Tambi\u00e9n damos servicio al resto de comarcas de Catalu\u00f1a, sobre todo Ripoll\u00e8s, La Garrotxa, Moian\u00e8s, Bages, Garrotxa, Vall\u00e8s Oriental, Barcelon\u00e9s y La Selva. Nuestra misi\u00f3n es ofrecerle productos&hellip; <a class=\"continue\" href=\"https:\/\/www.hostelvic.com\/es\/carousels\/vac-star\/\">CONTINUAR >><span> VAC-STAR<\/span><\/a><\/p>\n","protected":false},"author":1,"featured_media":0,"parent":0,"menu_order":0,"comment_status":"open","ping_status":"open","template":"full_width.php","meta":{"_joinchat":[],"footnotes":""},"class_list":["post-16102","page","type-page","status-publish","hentry"],"_links":{"self":[{"href":"https:\/\/www.hostelvic.com\/es\/wp-json\/wp\/v2\/pages\/16102","targetHints":{"allow":["GET"]}}],"collection":[{"href":"https:\/\/www.hostelvic.com\/es\/wp-json\/wp\/v2\/pages"}],"about":[{"href":"https:\/\/www.hostelvic.com\/es\/wp-json\/wp\/v2\/types\/page"}],"author":[{"embeddable":true,"href":"https:\/\/www.hostelvic.com\/es\/wp-json\/wp\/v2\/users\/1"}],"replies":[{"embeddable":true,"href":"https:\/\/www.hostelvic.com\/es\/wp-json\/wp\/v2\/comments?post=16102"}],"version-history":[{"count":16,"href":"https:\/\/www.hostelvic.com\/es\/wp-json\/wp\/v2\/pages\/16102\/revisions"}],"predecessor-version":[{"id":16217,"href":"https:\/\/www.hostelvic.com\/es\/wp-json\/wp\/v2\/pages\/16102\/revisions\/16217"}],"wp:attachment":[{"href":"https:\/\/www.hostelvic.com\/es\/wp-json\/wp\/v2\/media?parent=16102"}],"curies":[{"name":"wp","href":"https:\/\/api.w.org\/{rel}","templated":true}]}}