{"id":16128,"date":"2015-05-22T09:17:30","date_gmt":"2015-05-22T07:17:30","guid":{"rendered":"https:\/\/www.hostelvic.com\/?page_id=16128"},"modified":"2024-07-04T18:12:55","modified_gmt":"2024-07-04T16:12:55","slug":"empresa","status":"publish","type":"page","link":"https:\/\/www.hostelvic.com\/es\/empresa\/","title":{"rendered":"Empresa"},"content":{"rendered":"<div class=\"wpb-content-wrapper\"><p>[vc_row css_animation=\u00bb\u00bb row_type=\u00bbrow\u00bb use_row_as_full_screen_section=\u00bbno\u00bb type=\u00bbgrid\u00bb angled_section=\u00bbno\u00bb text_align=\u00bbleft\u00bb background_image_as_pattern=\u00bbwithout_pattern\u00bb z_index=\u00bb\u00bb padding_top=\u00bb30&#8243;][vc_column][vc_column_text css=\u00bb\u00bb]<\/p>\n<p style=\"text-align: right;\"><a href=\"\/es\">Inicio<\/a> \/\/ Empresa<\/p>\n<p>[\/vc_column_text][\/vc_column][\/vc_row][vc_row css_animation=\u00bb\u00bb row_type=\u00bbrow\u00bb use_row_as_full_screen_section=\u00bbno\u00bb type=\u00bbgrid\u00bb angled_section=\u00bbno\u00bb text_align=\u00bbleft\u00bb background_image_as_pattern=\u00bbwithout_pattern\u00bb padding_top=\u00bb100&#8243; background_color=\u00bb#ffffff\u00bb padding_bottom=\u00bb59&#8243; z_index=\u00bb\u00bb anchor=\u00bbinici\u00bb][vc_column width=\u00bb1\/2&#8243; css=\u00bb.vc_custom_1719416048322{padding-right: 50px !important;}\u00bb][vc_single_image image=\u00bb15862&#8243; img_size=\u00bbfull\u00bb css=\u00bb\u00bb qode_css_animation=\u00bb\u00bb][vc_empty_space height=\u00bb25&#8243;][vc_column_text css=\u00bb\u00bb]<em>El equipo de Hostel Vic (de izquierda a derecha): Ramon, Alexandra, Pep, Anna y Dani.<\/em>[\/vc_column_text][vc_empty_space height=\u00bb50&#8243;][\/vc_column][vc_column width=\u00bb1\/2&#8243;][vc_column_text css=\u00bb\u00bb]<\/p>\n<h2 style=\"text-align: left;\">OFRECEMOS SOLUCIONES, CON UN SERVICIO PROFESIONAL, PERSONALIZADO Y DE CALIDAD<\/h2>\n<p>[\/vc_column_text][vc_separator type=\u00bbsmall\u00bb position=\u00bbleft\u00bb thickness=\u00bb1&#8243; width=\u00bb200&#8243; up=\u00bb15&#8243; down=\u00bb50&#8243;][vc_column_text css=\u00bb\u00bb]Hostel Vic (Coimar Hosteleria S.L.) Somos una empresa ubicada en Vic (Osona) con una amplia y contrastada experiencia en el sector de la compra, venta y reparaci\u00f3n de maquinaria para hosteler\u00eda y alimentaci\u00f3n (bares, restaurantes, tiendas, cocinas profesionales&#8230;). Estamos al servicio de nuestros clientes desde 1980 y ofrecemos las mejores soluciones con un servicio profesional, personalizado y de calidad.<\/p>\n<p>&nbsp;<\/p>\n<p>En Coimar Hosteler\u00eda SL, nos alejamos de otras opciones de maquinaria importada de otros pa\u00edses sin garant\u00edas de reposici\u00f3n de repuestos y fabricaci\u00f3n de dudosa calidad. Quiz\u00e1 sea maquinaria m\u00e1s econ\u00f3mica, pero su compra es claramente una loter\u00eda. Desde Coimar Hosteler\u00eda SL apostamos por maquinaria de calidad preferiblemente fabricada en Espa\u00f1a o, en su defecto de otros pa\u00edses pero siempre maquinaria conocida y contrastada. Suministramos e instalamos todo tipo de maquinaria para hosteler\u00eda con los certificados de calidad y CE. Apostamos por productos que ofrezcan un buen funcionamiento, un alto rendimiento, alta utilidad a la hora de trabajar y menor impacto medioambiental. Ofrecemos a nuestros clientes todo tipo de equipamientos para el negocio derivado de la hosteler\u00eda, ya sean bares, restaurantes, hoteles, colegios, geri\u00e1tricos, colectividades, carnicer\u00edas, supermercados\u2026<\/p>\n<p>&nbsp;<\/p>\n<p>\u00bfTiene un proyecto, pero no sabe por d\u00f3nde empezar? \u00bfNecesita una m\u00e1quina, pero no sabe cu\u00e1l se adapta a sus necesidades? Con nuestra tecnolog\u00eda, conocimientos y experiencia le daremos forma a su proyecto y hacerlo realidad.[\/vc_column_text][vc_empty_space height=\u00bb25&#8243;]<a  itemprop=\"url\" href=\"\/es\/contacto\/\" target=\"_self\"  class=\"qbutton  left default\" style=\"\">CONT\u00c1CTANOS<\/a>[\/vc_column][\/vc_row][vc_row css_animation=\u00bb\u00bb row_type=\u00bbrow\u00bb use_row_as_full_screen_section=\u00bbno\u00bb type=\u00bbgrid\u00bb angled_section=\u00bbno\u00bb text_align=\u00bbcenter\u00bb background_image_as_pattern=\u00bbwithout_pattern\u00bb padding_top=\u00bb25&#8243; padding_bottom=\u00bb25&#8243; z_index=\u00bb\u00bb][vc_column width=\u00bb1\/2&#8243;][qode_elements_holder background_color=\u00bb#3b484f\u00bb number_of_columns=\u00bbone_column\u00bb][qode_elements_holder_item vertical_alignment=\u00bbtop\u00bb horizontal_alignment=\u00bbcenter\u00bb advanced_animations=\u00bbno\u00bb item_padding=\u00bb50px 50px 50px 50px\u00bb][vc_single_image image=\u00bb16020&#8243; img_size=\u00bb300&#215;300&#8243; alignment=\u00bbcenter\u00bb css=\u00bb\u00bb qode_css_animation=\u00bb\u00bb][vc_empty_space height=\u00bb25&#8243;][vc_column_text css=\u00bb\u00bb]<\/p>\n<h3 style=\"text-align: center;\"><span style=\"color: #ffffff;\">RAMON<\/span><\/h3>\n<p>[\/vc_column_text][vc_column_text css=\u00bb\u00bb]<\/p>\n<p style=\"text-align: center;\"><span style=\"color: #ffffff;\"><strong>Gerencia y dise\u00f1o de proyectos.<br \/>\nIl Capo de la empresa.<\/strong><\/span><\/p>\n<p>&nbsp;<\/p>\n<p style=\"text-align: center;\"><span style=\"color: #ffffff;\">Con m\u00e1s de 30 a\u00f1os de experiencia, te acompa\u00f1ar\u00e9 en todo el proceso de dise\u00f1o de tu negocio. Estoy aqu\u00ed para darte consejos y soluciones que realmente funcionen para ti.<\/span><\/p>\n<p>[\/vc_column_text][\/qode_elements_holder_item][\/qode_elements_holder][\/vc_column][vc_column width=\u00bb1\/2&#8243;][qode_elements_holder background_color=\u00bb#b9645a\u00bb number_of_columns=\u00bbone_column\u00bb][qode_elements_holder_item vertical_alignment=\u00bbtop\u00bb horizontal_alignment=\u00bbcenter\u00bb advanced_animations=\u00bbno\u00bb item_padding=\u00bb50px 50px 50px 50px\u00bb][vc_single_image image=\u00bb16023&#8243; img_size=\u00bb300&#215;300&#8243; alignment=\u00bbcenter\u00bb css=\u00bb\u00bb qode_css_animation=\u00bb\u00bb][vc_empty_space height=\u00bb25&#8243;][vc_column_text css=\u00bb\u00bb]<\/p>\n<h3 style=\"text-align: center;\"><span style=\"color: #ffffff;\">ALEXANDRA<\/span><\/h3>\n<p>[\/vc_column_text][vc_column_text css=\u00bb\u00bb]<\/p>\n<p style=\"text-align: center;\"><span style=\"color: #ffffff;\"><strong>Gerencia y atenci\u00f3n comercial.<br \/>\nLa figlia del capo.<\/strong><\/span><\/p>\n<p>&nbsp;<\/p>\n<p style=\"text-align: center;\"><span style=\"color: #ffffff;\">\u00a1Cuidado conmigo, estoy aqu\u00ed para hacer que las cosas funcionen sin complicaciones! Mi objetivo es asegurarme de que tu experiencia con nosotros sea siempre excelente.<\/span><\/p>\n<p>[\/vc_column_text][\/qode_elements_holder_item][\/qode_elements_holder][\/vc_column][\/vc_row][vc_row css_animation=\u00bb\u00bb row_type=\u00bbrow\u00bb use_row_as_full_screen_section=\u00bbno\u00bb type=\u00bbgrid\u00bb angled_section=\u00bbno\u00bb text_align=\u00bbcenter\u00bb background_image_as_pattern=\u00bbwithout_pattern\u00bb padding_top=\u00bb25&#8243; padding_bottom=\u00bb75&#8243; z_index=\u00bb\u00bb][vc_column width=\u00bb1\/3&#8243;][qode_elements_holder background_color=\u00bb#6c2b30&#8243; number_of_columns=\u00bbone_column\u00bb][qode_elements_holder_item vertical_alignment=\u00bbtop\u00bb horizontal_alignment=\u00bbcenter\u00bb advanced_animations=\u00bbno\u00bb item_padding=\u00bb50px 50px 50px 50px\u00bb]<span data-type=\"normal\" data-hover-icon-color=\"#ffffff\" class=\"qode_icon_shortcode  q_font_awsome_icon fa-lg pull-center \" style=\" \"><span aria-hidden=\"true\" class=\"qode_icon_font_elegant icon_puzzle_alt qode_icon_element\" style=\"font-size: 40px;color: #ffffff;\" ><\/span><\/span>[vc_empty_space height=\u00bb25&#8243;][vc_column_text css=\u00bb\u00bb]<\/p>\n<h3 style=\"text-align: center;\"><span style=\"color: #ffffff;\">PEP<\/span><\/h3>\n<p>[\/vc_column_text][vc_column_text css=\u00bb\u00bb]<\/p>\n<p style=\"text-align: center;\"><span style=\"color: #ffffff;\"><strong>Servicio t\u00e9cnico. Soy pr\u00e1ctico y claro. Y me apasiona mi trabajo.<\/strong><\/span><\/p>\n<p>&nbsp;<\/p>\n<p style=\"text-align: center;\"><span style=\"color: #ffffff;\">\u00a1Lo arreglo todo, a\u00fan as\u00ed! Mi principal preocupaci\u00f3n es que quedes satisfecho con nuestro servicio. Siempre te mantendr\u00e9 informado sobre la mejor soluci\u00f3n para asegurar que tu maquinaria funcione a la perfecci\u00f3n.<\/span><\/p>\n<p>[\/vc_column_text][\/qode_elements_holder_item][\/qode_elements_holder][\/vc_column][vc_column width=\u00bb1\/3&#8243;][qode_elements_holder background_color=\u00bb#5474b8&#8243; number_of_columns=\u00bbone_column\u00bb][qode_elements_holder_item vertical_alignment=\u00bbtop\u00bb horizontal_alignment=\u00bbcenter\u00bb advanced_animations=\u00bbno\u00bb item_padding=\u00bb50px 50px 50px 50px\u00bb]<span data-type=\"normal\" data-hover-icon-color=\"#ffffff\" class=\"qode_icon_shortcode  q_font_awsome_icon fa-lg pull-center \" style=\" \"><span aria-hidden=\"true\" class=\"qode_icon_font_elegant icon_toolbox_alt qode_icon_element\" style=\"font-size: 40px;color: #ffffff;\" ><\/span><\/span>[vc_empty_space height=\u00bb25&#8243;][vc_column_text css=\u00bb\u00bb]<\/p>\n<h3 style=\"text-align: center;\"><span style=\"color: #ffffff;\">DANI<\/span><\/h3>\n<p>[\/vc_column_text][vc_column_text css=\u00bb\u00bb]<\/p>\n<p style=\"text-align: center;\"><span style=\"color: #ffffff;\"><strong>Servicio t\u00e9cnico.<br \/>\nSoy cuidadoso y prudente.<\/strong><\/span><\/p>\n<p>&nbsp;<\/p>\n<p style=\"text-align: center;\"><span style=\"color: #ffffff;\">Cada reparaci\u00f3n es una oportunidad para demostrar mi habilidad para encontrar soluciones innovadoras y hacer que te sientas atendido. Me gusta proporcionar un servicio impecable y profesional en todo momento.<\/span><\/p>\n<p>[\/vc_column_text][\/qode_elements_holder_item][\/qode_elements_holder][\/vc_column][vc_column width=\u00bb1\/3&#8243;][qode_elements_holder background_color=\u00bb#b93b2c\u00bb number_of_columns=\u00bbone_column\u00bb][qode_elements_holder_item vertical_alignment=\u00bbtop\u00bb horizontal_alignment=\u00bbcenter\u00bb advanced_animations=\u00bbno\u00bb item_padding=\u00bb50px 50px 50px 50px\u00bb]<span data-type=\"normal\" data-hover-icon-color=\"#ffffff\" class=\"qode_icon_shortcode  q_font_awsome_icon fa-lg pull-center \" style=\" \"><span aria-hidden=\"true\" class=\"qode_icon_font_elegant icon_wallet_alt qode_icon_element\" style=\"font-size: 40px;color: #ffffff;\" ><\/span><\/span>[vc_empty_space height=\u00bb25&#8243;][vc_column_text css=\u00bb\u00bb]<\/p>\n<h3 style=\"text-align: center;\"><span style=\"color: #ffffff;\">ANNA<\/span><\/h3>\n<p>[\/vc_column_text][vc_column_text css=\u00bb\u00bb]<\/p>\n<p style=\"text-align: center;\"><span style=\"color: #ffffff;\"><strong>Atenci\u00f3n comercial y Administraci\u00f3n.<br \/>\nSoy alegre y resolutiva.<\/strong><\/span><\/p>\n<p>&nbsp;<\/p>\n<p style=\"text-align: center;\"><span style=\"color: #ffffff;\">Me encontrar\u00e1s en la tienda para atenderte con una sonrisa y eficacia.<\/span><\/p>\n<p>&nbsp;<\/p>\n<p style=\"text-align: center;\"><span style=\"color: #ffffff;\">Har\u00e9 que te sientas bienvenido y te garantizo una buena experiencia de compra.<\/span><\/p>\n<p>[\/vc_column_text][\/qode_elements_holder_item][\/qode_elements_holder][\/vc_column][\/vc_row]<\/p>\n<\/div>","protected":false},"excerpt":{"rendered":"<p>[vc_row css_animation=\u00bb\u00bb row_type=\u00bbrow\u00bb use_row_as_full_screen_section=\u00bbno\u00bb type=\u00bbgrid\u00bb angled_section=\u00bbno\u00bb text_align=\u00bbleft\u00bb background_image_as_pattern=\u00bbwithout_pattern\u00bb z_index=\u00bb\u00bb padding_top=\u00bb30&#8243;][vc_column][vc_column_text css=\u00bb\u00bb] Inicio \/\/ Empresa [\/vc_column_text][\/vc_column][\/vc_row][vc_row css_animation=\u00bb\u00bb row_type=\u00bbrow\u00bb use_row_as_full_screen_section=\u00bbno\u00bb type=\u00bbgrid\u00bb angled_section=\u00bbno\u00bb text_align=\u00bbleft\u00bb background_image_as_pattern=\u00bbwithout_pattern\u00bb padding_top=\u00bb100&#8243; background_color=\u00bb#ffffff\u00bb padding_bottom=\u00bb59&#8243; z_index=\u00bb\u00bb anchor=\u00bbinici\u00bb][vc_column width=\u00bb1\/2&#8243; css=\u00bb.vc_custom_1719416048322{padding-right: 50px !important;}\u00bb][vc_single_image image=\u00bb15862&#8243; img_size=\u00bbfull\u00bb css=\u00bb\u00bb qode_css_animation=\u00bb\u00bb][vc_empty_space height=\u00bb25&#8243;][vc_column_text css=\u00bb\u00bb]El equipo de Hostel Vic (de izquierda a derecha): Ramon, Alexandra, Pep, Anna y Dani.[\/vc_column_text][vc_empty_space height=\u00bb50&#8243;][\/vc_column][vc_column width=\u00bb1\/2&#8243;][vc_column_text css=\u00bb\u00bb] OFRECEMOS SOLUCIONES, CON UN SERVICIO PROFESIONAL, PERSONALIZADO Y DE CALIDAD [\/vc_column_text][vc_separator type=\u00bbsmall\u00bb position=\u00bbleft\u00bb thickness=\u00bb1&#8243; width=\u00bb200&#8243; up=\u00bb15&#8243; down=\u00bb50&#8243;][vc_column_text css=\u00bb\u00bb]Hostel Vic (Coimar Hosteleria S.L.) Somos una empresa ubicada en Vic (Osona) con una amplia y contrastada experiencia en el sector de la compra, venta y reparaci\u00f3n de maquinaria para hosteler\u00eda y alimentaci\u00f3n (bares, restaurantes, tiendas, cocinas profesionales&#8230;). Estamos al servicio de nuestros clientes desde 1980 y ofrecemos las mejores soluciones con un servicio profesional, personalizado y de calidad. &nbsp; En Coimar Hosteler\u00eda SL, nos alejamos de otras opciones de maquinaria importada de otros pa\u00edses sin garant\u00edas de reposici\u00f3n&hellip; <a class=\"continue\" href=\"https:\/\/www.hostelvic.com\/es\/empresa\/\">CONTINUAR >><span> Empresa<\/span><\/a><\/p>\n","protected":false},"author":1,"featured_media":0,"parent":0,"menu_order":0,"comment_status":"open","ping_status":"open","template":"full_width.php","meta":{"_joinchat":[],"footnotes":""},"class_list":["post-16128","page","type-page","status-publish","hentry"],"_links":{"self":[{"href":"https:\/\/www.hostelvic.com\/es\/wp-json\/wp\/v2\/pages\/16128","targetHints":{"allow":["GET"]}}],"collection":[{"href":"https:\/\/www.hostelvic.com\/es\/wp-json\/wp\/v2\/pages"}],"about":[{"href":"https:\/\/www.hostelvic.com\/es\/wp-json\/wp\/v2\/types\/page"}],"author":[{"embeddable":true,"href":"https:\/\/www.hostelvic.com\/es\/wp-json\/wp\/v2\/users\/1"}],"replies":[{"embeddable":true,"href":"https:\/\/www.hostelvic.com\/es\/wp-json\/wp\/v2\/comments?post=16128"}],"version-history":[{"count":6,"href":"https:\/\/www.hostelvic.com\/es\/wp-json\/wp\/v2\/pages\/16128\/revisions"}],"predecessor-version":[{"id":16179,"href":"https:\/\/www.hostelvic.com\/es\/wp-json\/wp\/v2\/pages\/16128\/revisions\/16179"}],"wp:attachment":[{"href":"https:\/\/www.hostelvic.com\/es\/wp-json\/wp\/v2\/media?parent=16128"}],"curies":[{"name":"wp","href":"https:\/\/api.w.org\/{rel}","templated":true}]}}