{"id":16142,"date":"2024-06-28T13:26:03","date_gmt":"2024-06-28T11:26:03","guid":{"rendered":"https:\/\/www.hostelvic.com\/?page_id=16142"},"modified":"2024-07-13T18:28:45","modified_gmt":"2024-07-13T16:28:45","slug":"oportunidades","status":"publish","type":"page","link":"https:\/\/www.hostelvic.com\/es\/oportunidades\/","title":{"rendered":"Oportunidades"},"content":{"rendered":"<div class=\"wpb-content-wrapper\"><p>[vc_row css_animation=\u00bb\u00bb row_type=\u00bbrow\u00bb use_row_as_full_screen_section=\u00bbno\u00bb type=\u00bbgrid\u00bb angled_section=\u00bbno\u00bb text_align=\u00bbleft\u00bb background_image_as_pattern=\u00bbwithout_pattern\u00bb z_index=\u00bb\u00bb padding_top=\u00bb30&#8243;][vc_column][vc_column_text css=\u00bb\u00bb]<\/p>\n<p style=\"text-align: right;\"><a href=\"\/es\">Inicio<\/a> \/\/ Oportunidades<\/p>\n<p>[\/vc_column_text][\/vc_column][\/vc_row][vc_row css_animation=\u00bb\u00bb row_type=\u00bbrow\u00bb use_row_as_full_screen_section=\u00bbno\u00bb type=\u00bbgrid\u00bb angled_section=\u00bbno\u00bb text_align=\u00bbleft\u00bb background_image_as_pattern=\u00bbwithout_pattern\u00bb padding_top=\u00bb75&#8243; z_index=\u00bb\u00bb padding_bottom=\u00bb25&#8243; anchor=\u00bbinici\u00bb][vc_column width=\u00bb2\/3&#8243; css=\u00bb.vc_custom_1719307199920{padding-right: 50px !important;}\u00bb][vc_column_text css=\u00bb\u00bb]<\/p>\n<h2>OPORTUNIDAD EN MAQUINARIA DE HOSTELER\u00cdA<\/h2>\n<p>[\/vc_column_text][vc_separator type=\u00bbsmall\u00bb position=\u00bbleft\u00bb color=\u00bb#000000&#8243; thickness=\u00bb1&#8243; width=\u00bb200&#8243; up=\u00bb15&#8243; down=\u00bb50&#8243;][vc_column_text css=\u00bb\u00bb]Disponemos de una selecci\u00f3n de maquinaria de hosteler\u00eda de segunda mano y exposici\u00f3n para equipar tu cocina con un excelente estado ya precios econ\u00f3micos.<\/p>\n<p>&nbsp;<\/p>\n<p>Maquinaria de calidad destinada a todo tipo de establecimientos, desde restaurantes y cafeter\u00edas hasta bares y tiendas de alimentaci\u00f3n.<\/p>\n<p>&nbsp;<\/p>\n<p>Toda la maquinaria est\u00e1 meticulosamente revisada por nuestro servicio t\u00e9cnico para ofrecerte la m\u00e1xima seguridad y calidad. S\u00f3lo ofrecemos maquinaria que cumpla con nuestro estricto est\u00e1ndar de calidad.<\/p>\n<p>&nbsp;<\/p>\n<p>Nuestro equipo de ventas te asesorar\u00e1 para elegir la mejor opci\u00f3n.<\/p>\n<p>&nbsp;<\/p>\n<p><strong>\u00a1Vendr\u00e1s por el precio y volver\u00e1s por la calidad y el servicio!<\/strong>[\/vc_column_text][vc_empty_space height=\u00bb50&#8243;][\/vc_column][vc_column width=\u00bb1\/3&#8243; css=\u00bb.vc_custom_1719306921922{padding-top: 50px !important;padding-right: 50px !important;padding-bottom: 50px !important;padding-left: 50px !important;background-color: #6c2b30 !important;}\u00bb]<span data-type=\"normal\" data-hover-icon-color=\"#ffffff\" class=\"qode_icon_shortcode  q_font_awsome_icon fa-lg  \" style=\" \"><span aria-hidden=\"true\" class=\"qode_icon_font_elegant icon_star qode_icon_element\" style=\"font-size: 100px;color: #ffffff;\" ><\/span><\/span>[vc_empty_space height=\u00bb50&#8243;][vc_column_text css=\u00bb\u00bb]<\/p>\n<h2><span style=\"color: #ffffff;\">NUESTRA GARANT\u00cdA<\/span><\/h2>\n<p>[\/vc_column_text][vc_empty_space height=\u00bb25&#8243;][vc_column_text css=\u00bb\u00bb]<span style=\"color: #ffffff;\">Puedes estar seguro de que obtendr\u00e1s maquinaria de hosteler\u00eda profesional de segunda mano de calidad, revisada, probada y garantizada para ofrecerte el mejor rendimiento.<\/span>[\/vc_column_text][\/vc_column][\/vc_row][vc_row css_animation=\u00bb\u00bb row_type=\u00bbrow\u00bb use_row_as_full_screen_section=\u00bbno\u00bb type=\u00bbgrid\u00bb angled_section=\u00bbno\u00bb text_align=\u00bbleft\u00bb background_image_as_pattern=\u00bbwithout_pattern\u00bb padding_top=\u00bb50&#8243; z_index=\u00bb\u00bb padding_bottom=\u00bb75&#8243;][vc_column css=\u00bb.vc_custom_1719307199920{padding-right: 50px !important;}\u00bb][vc_column_text css=\u00bb\u00bb]<\/p>\n<h2>OPORTUNIDADES EN ESTE MOMENTO<\/h2>\n<p>[\/vc_column_text][vc_separator type=\u00bbsmall\u00bb position=\u00bbleft\u00bb color=\u00bb#000000&#8243; thickness=\u00bb1&#8243; width=\u00bb200&#8243; up=\u00bb15&#8243; down=\u00bb50&#8243;][vc_empty_space height=\u00bb50&#8243;][vc_row_inner row_type=\u00bbrow\u00bb type=\u00bbfull_width\u00bb text_align=\u00bbleft\u00bb css_animation=\u00bb\u00bb][vc_column_inner width=\u00bb1\/3&#8243;][vc_single_image image=\u00bb16073&#8243; img_size=\u00bbfull\u00bb alignment=\u00bbcenter\u00bb css=\u00bb\u00bb qode_css_animation=\u00bb\u00bb][vc_empty_space height=\u00bb25&#8243;][vc_column_text css=\u00bb\u00bb]<\/p>\n<h3>ENVASADORA<\/h3>\n<p>[\/vc_column_text][vc_empty_space height=\u00bb10&#8243;][vc_column_text css=\u00bb\u00bb]\u00b7 Envasadora de c\u00e1mara, bomba buch. Barra de soldadura de 410mm<br \/>\n\u00b7 <strong>Potencia:<\/strong> 230v.<br \/>\n\u00b7 <strong>Modelo:<\/strong> Egarvac.<br \/>\n\u00b7 <strong>Medidas:<\/strong> 520x550x440mm.[\/vc_column_text][vc_empty_space height=\u00bb25&#8243;]<div class=\"custom_font_holder \" style=\" font-style: normal; font-weight: 600; color: #b9645a; text-decoration: none; text-align: left; --qode-cf-font-size: 20px; --qode-cf-line-height: 26px; --qode-cf-font-size-1440: 20px; --qode-cf-line-height-1440: 26px; --qode-cf-font-size-1366: 20px; --qode-cf-line-height-1366: 26px; --qode-cf-font-size-1280: 20px; --qode-cf-line-height-1280: 26px; --qode-cf-font-size-1024: 20px; --qode-cf-line-height-1024: 26px; --qode-cf-font-size-768: 20px; --qode-cf-line-height-768: 26px; --qode-cf-font-size-680: 20px; --qode-cf-line-height-680: 26px; --qode-cf-font-size-480: 20px; --qode-cf-line-height-480: 26px;\">1000,00\u20ac + IVA<\/div>[vc_empty_space height=\u00bb50&#8243;][\/vc_column_inner][vc_column_inner width=\u00bb1\/3&#8243;][vc_single_image image=\u00bb16082&#8243; img_size=\u00bbfull\u00bb alignment=\u00bbcenter\u00bb css=\u00bb\u00bb qode_css_animation=\u00bb\u00bb][vc_empty_space height=\u00bb25&#8243;][vc_column_text css=\u00bb\u00bb]<\/p>\n<h3>MUEBLE CAFETERO<\/h3>\n<p>[\/vc_column_text][vc_empty_space height=\u00bb10&#8243;][vc_column_text css=\u00bb\u00bb]\u00b7 Mueble cafetero de acero Inox AISI 304 con peto trasero.<br \/>\n\u00b7 Con caj\u00f3n y fregadero marr\u00f3n impecable. Dispone de 2 armarios y 2 cajones.<br \/>\n\u00b7 Patas regulables en altura.<br \/>\n\u00b7 <strong>Medidas:<\/strong> 1500x600x850mm.[\/vc_column_text][vc_empty_space height=\u00bb25&#8243;]<div class=\"custom_font_holder \" style=\" font-style: normal; font-weight: 600; color: #b9645a; text-decoration: none; text-align: left; --qode-cf-font-size: 20px; --qode-cf-line-height: 26px; --qode-cf-font-size-1440: 20px; --qode-cf-line-height-1440: 26px; --qode-cf-font-size-1366: 20px; --qode-cf-line-height-1366: 26px; --qode-cf-font-size-1280: 20px; --qode-cf-line-height-1280: 26px; --qode-cf-font-size-1024: 20px; --qode-cf-line-height-1024: 26px; --qode-cf-font-size-768: 20px; --qode-cf-line-height-768: 26px; --qode-cf-font-size-680: 20px; --qode-cf-line-height-680: 26px; --qode-cf-font-size-480: 20px; --qode-cf-line-height-480: 26px;\">850,00\u20ac + IVA<\/div>[vc_empty_space height=\u00bb50&#8243;][\/vc_column_inner][vc_column_inner width=\u00bb1\/3&#8243;][vc_single_image image=\u00bb16086&#8243; img_size=\u00bbfull\u00bb alignment=\u00bbcenter\u00bb css=\u00bb\u00bb qode_css_animation=\u00bb\u00bb][vc_empty_space height=\u00bb25&#8243;][vc_column_text css=\u00bb\u00bb]<\/p>\n<h3>MANTENEDOR DE CHOCOLATE<\/h3>\n<p>[\/vc_column_text][vc_empty_space height=\u00bb10&#8243;][vc_column_text css=\u00bb\u00bb]\u00b7 Mantenedor de chocolatera ba\u00f1o mar\u00eda 5 litros.<br \/>\n\u00b7 Facilita la conservaci\u00f3n del chocolate, servicio y comercializaci\u00f3n.<br \/>\n\u00b7 Grifo especial con sistema anti-obstrucci\u00f3n.<br \/>\n\u00b7 Sistema de agitaci\u00f3n continua.<br \/>\n\u00b7 <strong>Temperatura:<\/strong> +30 \/ +100\u00ba C.<br \/>\n\u00b7 <strong>Modelo:<\/strong> CHR-5.<br \/>\n\u00b7 <strong>Medidas:<\/strong> 410x280x465mm.[\/vc_column_text][vc_empty_space height=\u00bb25&#8243;]<div class=\"custom_font_holder \" style=\" font-style: normal; font-weight: 600; color: #b9645a; text-decoration: none; text-align: left; --qode-cf-font-size: 20px; --qode-cf-line-height: 26px; --qode-cf-font-size-1440: 20px; --qode-cf-line-height-1440: 26px; --qode-cf-font-size-1366: 20px; --qode-cf-line-height-1366: 26px; --qode-cf-font-size-1280: 20px; --qode-cf-line-height-1280: 26px; --qode-cf-font-size-1024: 20px; --qode-cf-line-height-1024: 26px; --qode-cf-font-size-768: 20px; --qode-cf-line-height-768: 26px; --qode-cf-font-size-680: 20px; --qode-cf-line-height-680: 26px; --qode-cf-font-size-480: 20px; --qode-cf-line-height-480: 26px;\">495,00\u20ac + IVA<\/div>[vc_empty_space height=\u00bb50&#8243;][\/vc_column_inner][\/vc_row_inner][vc_row_inner row_type=\u00bbrow\u00bb type=\u00bbfull_width\u00bb text_align=\u00bbleft\u00bb css_animation=\u00bb\u00bb][vc_column_inner width=\u00bb1\/3&#8243;][vc_single_image image=\u00bb16089&#8243; img_size=\u00bbfull\u00bb alignment=\u00bbcenter\u00bb css=\u00bb\u00bb qode_css_animation=\u00bb\u00bb][vc_empty_space height=\u00bb25&#8243;][vc_column_text css=\u00bb\u00bb]<\/p>\n<h3>PLANCHA DE PIE EN GAS<\/h3>\n<p>[\/vc_column_text][vc_empty_space height=\u00bb10&#8243;][vc_column_text css=\u00bb\u00bb]\u00b7 Plancha de pie a gas con placa de hierro fundido.<br \/>\n\u00b7 Caj\u00f3n para recoger la grasa extra\u00edble.<br \/>\n\u00b7 Quemadores tubulares de acero Inox.<br \/>\n\u00b7 Pies regulables en altura.<br \/>\n\u00b7 <strong>Modelo:<\/strong> Dosilet.<br \/>\n\u00b7 <strong>Medidas:<\/strong> 400x900X105mm.[\/vc_column_text][vc_empty_space height=\u00bb25&#8243;]<div class=\"custom_font_holder \" style=\" font-style: normal; font-weight: 600; color: #b9645a; text-decoration: none; text-align: left; --qode-cf-font-size: 20px; --qode-cf-line-height: 26px; --qode-cf-font-size-1440: 20px; --qode-cf-line-height-1440: 26px; --qode-cf-font-size-1366: 20px; --qode-cf-line-height-1366: 26px; --qode-cf-font-size-1280: 20px; --qode-cf-line-height-1280: 26px; --qode-cf-font-size-1024: 20px; --qode-cf-line-height-1024: 26px; --qode-cf-font-size-768: 20px; --qode-cf-line-height-768: 26px; --qode-cf-font-size-680: 20px; --qode-cf-line-height-680: 26px; --qode-cf-font-size-480: 20px; --qode-cf-line-height-480: 26px;\">750,00\u20ac + IVA<\/div>[vc_empty_space height=\u00bb50&#8243;][\/vc_column_inner][vc_column_inner width=\u00bb1\/3&#8243;][vc_single_image image=\u00bb16091&#8243; img_size=\u00bbfull\u00bb alignment=\u00bbcenter\u00bb css=\u00bb\u00bb qode_css_animation=\u00bb\u00bb][vc_empty_space height=\u00bb25&#8243;][vc_column_text css=\u00bb\u00bb]<\/p>\n<h3>PLANCHA DE PIE EL\u00c9CTRICA<\/h3>\n<p>[\/vc_column_text][vc_empty_space height=\u00bb10&#8243;][vc_column_text css=\u00bb\u00bb]\u00b7 Placa medio lisa y medio ranurada, de acero satinado con protecci\u00f3n de salpicaduras a nivel del borde.<br \/>\n\u00b7 Dos zonas con mandos separados para una regulaci\u00f3n independiente y \u00f3ptima de la temperatura.<br \/>\n\u00b7 Regulaci\u00f3n de la temperatura de 50 \u00b0C a 270 \u00b0C. Indicador luminoso de l\u00ednea e indicador luminoso de alcance de temperatura.<br \/>\n\u00b7 COMPLETAMENTE NUEVA.<br \/>\n\u00b7 <strong>Modelo:<\/strong> BERTOS.<br \/>\n\u00b7 <strong>Medidas:<\/strong> 800x900x850mm.[\/vc_column_text][vc_empty_space height=\u00bb25&#8243;]<div class=\"custom_font_holder \" style=\" font-style: normal; font-weight: 600; color: #b9645a; text-decoration: none; text-align: left; --qode-cf-font-size: 20px; --qode-cf-line-height: 26px; --qode-cf-font-size-1440: 20px; --qode-cf-line-height-1440: 26px; --qode-cf-font-size-1366: 20px; --qode-cf-line-height-1366: 26px; --qode-cf-font-size-1280: 20px; --qode-cf-line-height-1280: 26px; --qode-cf-font-size-1024: 20px; --qode-cf-line-height-1024: 26px; --qode-cf-font-size-768: 20px; --qode-cf-line-height-768: 26px; --qode-cf-font-size-680: 20px; --qode-cf-line-height-680: 26px; --qode-cf-font-size-480: 20px; --qode-cf-line-height-480: 26px;\">1000\u20ac + IVA<\/div>[vc_empty_space height=\u00bb50&#8243;][\/vc_column_inner][vc_column_inner width=\u00bb1\/3&#8243;][\/vc_column_inner][\/vc_row_inner][\/vc_column][\/vc_row]<\/p>\n<\/div>","protected":false},"excerpt":{"rendered":"<p>[vc_row css_animation=\u00bb\u00bb row_type=\u00bbrow\u00bb use_row_as_full_screen_section=\u00bbno\u00bb type=\u00bbgrid\u00bb angled_section=\u00bbno\u00bb text_align=\u00bbleft\u00bb background_image_as_pattern=\u00bbwithout_pattern\u00bb z_index=\u00bb\u00bb padding_top=\u00bb30&#8243;][vc_column][vc_column_text css=\u00bb\u00bb] Inicio \/\/ Oportunidades [\/vc_column_text][\/vc_column][\/vc_row][vc_row css_animation=\u00bb\u00bb row_type=\u00bbrow\u00bb use_row_as_full_screen_section=\u00bbno\u00bb type=\u00bbgrid\u00bb angled_section=\u00bbno\u00bb text_align=\u00bbleft\u00bb background_image_as_pattern=\u00bbwithout_pattern\u00bb padding_top=\u00bb75&#8243; z_index=\u00bb\u00bb padding_bottom=\u00bb25&#8243; anchor=\u00bbinici\u00bb][vc_column width=\u00bb2\/3&#8243; css=\u00bb.vc_custom_1719307199920{padding-right: 50px !important;}\u00bb][vc_column_text css=\u00bb\u00bb] OPORTUNIDAD EN MAQUINARIA DE HOSTELER\u00cdA [\/vc_column_text][vc_separator type=\u00bbsmall\u00bb position=\u00bbleft\u00bb color=\u00bb#000000&#8243; thickness=\u00bb1&#8243; width=\u00bb200&#8243; up=\u00bb15&#8243; down=\u00bb50&#8243;][vc_column_text css=\u00bb\u00bb]Disponemos de una selecci\u00f3n de maquinaria de hosteler\u00eda de segunda mano y exposici\u00f3n para equipar tu cocina con un excelente estado ya precios econ\u00f3micos. &nbsp; Maquinaria de calidad destinada a todo tipo de establecimientos, desde restaurantes y cafeter\u00edas hasta bares y tiendas de alimentaci\u00f3n. &nbsp; Toda la maquinaria est\u00e1 meticulosamente revisada por nuestro servicio t\u00e9cnico para ofrecerte la m\u00e1xima seguridad y calidad. S\u00f3lo ofrecemos maquinaria que cumpla con nuestro estricto est\u00e1ndar de calidad. &nbsp; Nuestro equipo de ventas te asesorar\u00e1 para elegir la mejor opci\u00f3n. &nbsp; \u00a1Vendr\u00e1s por el precio y volver\u00e1s por la calidad y el servicio![\/vc_column_text][vc_empty_space height=\u00bb50&#8243;][\/vc_column][vc_column width=\u00bb1\/3&#8243; css=\u00bb.vc_custom_1719306921922{padding-top: 50px !important;padding-right: 50px !important;padding-bottom: 50px&hellip; <a class=\"continue\" href=\"https:\/\/www.hostelvic.com\/es\/oportunidades\/\">CONTINUAR >><span> Oportunidades<\/span><\/a><\/p>\n","protected":false},"author":1,"featured_media":0,"parent":0,"menu_order":0,"comment_status":"open","ping_status":"open","template":"","meta":{"_joinchat":[],"footnotes":""},"class_list":["post-16142","page","type-page","status-publish","hentry"],"_links":{"self":[{"href":"https:\/\/www.hostelvic.com\/es\/wp-json\/wp\/v2\/pages\/16142","targetHints":{"allow":["GET"]}}],"collection":[{"href":"https:\/\/www.hostelvic.com\/es\/wp-json\/wp\/v2\/pages"}],"about":[{"href":"https:\/\/www.hostelvic.com\/es\/wp-json\/wp\/v2\/types\/page"}],"author":[{"embeddable":true,"href":"https:\/\/www.hostelvic.com\/es\/wp-json\/wp\/v2\/users\/1"}],"replies":[{"embeddable":true,"href":"https:\/\/www.hostelvic.com\/es\/wp-json\/wp\/v2\/comments?post=16142"}],"version-history":[{"count":2,"href":"https:\/\/www.hostelvic.com\/es\/wp-json\/wp\/v2\/pages\/16142\/revisions"}],"predecessor-version":[{"id":16232,"href":"https:\/\/www.hostelvic.com\/es\/wp-json\/wp\/v2\/pages\/16142\/revisions\/16232"}],"wp:attachment":[{"href":"https:\/\/www.hostelvic.com\/es\/wp-json\/wp\/v2\/media?parent=16142"}],"curies":[{"name":"wp","href":"https:\/\/api.w.org\/{rel}","templated":true}]}}