{"id":16156,"date":"2015-05-26T09:07:08","date_gmt":"2015-05-26T07:07:08","guid":{"rendered":"https:\/\/www.hostelvic.com\/?page_id=16156"},"modified":"2024-07-04T18:46:15","modified_gmt":"2024-07-04T16:46:15","slug":"contacto","status":"publish","type":"page","link":"https:\/\/www.hostelvic.com\/es\/contacto\/","title":{"rendered":"Contacto"},"content":{"rendered":"<div class=\"wpb-content-wrapper\"><p>[vc_row css_animation=\u00bb\u00bb row_type=\u00bbrow\u00bb use_row_as_full_screen_section=\u00bbno\u00bb type=\u00bbgrid\u00bb angled_section=\u00bbno\u00bb text_align=\u00bbleft\u00bb background_image_as_pattern=\u00bbwithout_pattern\u00bb z_index=\u00bb\u00bb padding_top=\u00bb30&#8243;][vc_column][vc_column_text css=\u00bb\u00bb]<\/p>\n<p style=\"text-align: right;\"><a href=\"\/es\">Inicio<\/a> \/\/ Contacto<\/p>\n<p>[\/vc_column_text][\/vc_column][\/vc_row][vc_row css_animation=\u00bb\u00bb row_type=\u00bbrow\u00bb use_row_as_full_screen_section=\u00bbno\u00bb type=\u00bbgrid\u00bb angled_section=\u00bbno\u00bb text_align=\u00bbleft\u00bb background_image_as_pattern=\u00bbwithout_pattern\u00bb padding_top=\u00bb75&#8243; z_index=\u00bb\u00bb padding_bottom=\u00bb75&#8243; anchor=\u00bbinici\u00bb][vc_column width=\u00bb2\/3&#8243; css=\u00bb.vc_custom_1719307199920{padding-right: 50px !important;}\u00bb][vc_column_text css=\u00bb\u00bb]<\/p>\n<h2>CONTACTA CON NUESTRO EQUIPO<\/h2>\n<p>[\/vc_column_text][vc_separator type=\u00bbsmall\u00bb position=\u00bbleft\u00bb color=\u00bb#000000&#8243; thickness=\u00bb1&#8243; width=\u00bb200&#8243; up=\u00bb15&#8243; down=\u00bb50&#8243;][vc_column_text css=\u00bb\u00bb]Hostel Vic (Coimar Hosteleria S.L.) es una empresa ubicada en Vic con una amplia y contrastada experiencia en el sector de la maquinaria para la hosteler\u00eda y la alimentaci\u00f3n. Ofrecemos a nuestros clientes todo tipo de equipamientos para el negocio derivado de la hosteler\u00eda, ya sean bares, restaurantes, hoteles, colegios, geri\u00e1tricos, colectividades, carnicer\u00edas, supermercados\u2026[\/vc_column_text][vc_empty_space height=\u00bb50&#8243;]\n<div class=\"wpcf7 no-js\" id=\"wpcf7-f16164-o1\" lang=\"en-US\" dir=\"ltr\" data-wpcf7-id=\"16164\">\n<div class=\"screen-reader-response\"><p role=\"status\" aria-live=\"polite\" aria-atomic=\"true\"><\/p> <ul><\/ul><\/div>\n<form action=\"\/es\/wp-json\/wp\/v2\/pages\/16156#wpcf7-f16164-o1\" method=\"post\" class=\"wpcf7-form init cf7_custom_style_1\" aria-label=\"Contact form\" novalidate=\"novalidate\" data-status=\"init\">\n<fieldset class=\"hidden-fields-container\"><input type=\"hidden\" name=\"_wpcf7\" value=\"16164\" \/><input type=\"hidden\" name=\"_wpcf7_version\" value=\"6.1.5\" \/><input type=\"hidden\" name=\"_wpcf7_locale\" value=\"en_US\" \/><input type=\"hidden\" name=\"_wpcf7_unit_tag\" value=\"wpcf7-f16164-o1\" \/><input type=\"hidden\" name=\"_wpcf7_container_post\" value=\"0\" \/><input type=\"hidden\" name=\"_wpcf7_posted_data_hash\" value=\"\" \/><input type=\"hidden\" name=\"_wpcf7_recaptcha_response\" value=\"\" \/>\n<\/fieldset>\n<div class=\"two_columns_50_50 clearfix\">\n\t<div class=\"column1\">\n\t\t<div class=\"column_inner\">\n\t\t\t<p><label> Nombre y apellidos: <span class=\"wpcf7-form-control-wrap\" data-name=\"your-name\"><input size=\"40\" maxlength=\"400\" class=\"wpcf7-form-control wpcf7-text wpcf7-validates-as-required\" aria-required=\"true\" aria-invalid=\"false\" value=\"\" type=\"text\" name=\"your-name\" \/><\/span><\/label>\n\t\t\t<\/p>\n\t\t<\/div>\n\t\t<div class=\"column_inner\">\n\t\t\t<p><label> Empresa: <span class=\"wpcf7-form-control-wrap\" data-name=\"your-bussiness\"><input size=\"40\" maxlength=\"400\" class=\"wpcf7-form-control wpcf7-text wpcf7-validates-as-required\" aria-required=\"true\" aria-invalid=\"false\" value=\"\" type=\"text\" name=\"your-bussiness\" \/><\/span><\/label>\n\t\t\t<\/p>\n\t\t<\/div>\n\t<\/div>\n\t<div class=\"column2\">\n\t\t<div class=\"column_inner\">\n\t\t\t<p><label> Correo electr\u00f3nico: <span class=\"wpcf7-form-control-wrap\" data-name=\"your-email\"><input size=\"40\" maxlength=\"400\" class=\"wpcf7-form-control wpcf7-email wpcf7-validates-as-required wpcf7-text wpcf7-validates-as-email\" aria-required=\"true\" aria-invalid=\"false\" value=\"\" type=\"email\" name=\"your-email\" \/><\/span><\/label>\n\t\t\t<\/p>\n\t\t<\/div>\n\t\t<div class=\"column_inner\">\n\t\t\t<p><label> Tel\u00e9fono: <span class=\"wpcf7-form-control-wrap\" data-name=\"your-phone\"><input size=\"40\" maxlength=\"400\" class=\"wpcf7-form-control wpcf7-text wpcf7-validates-as-required\" aria-required=\"true\" aria-invalid=\"false\" value=\"\" type=\"text\" name=\"your-phone\" \/><\/span><\/label>\n\t\t\t<\/p>\n\t\t<\/div>\n\t<\/div>\n<\/div>\n<div>\n\t<p><label>Mensaje: <span class=\"wpcf7-form-control-wrap\" data-name=\"your-message\"><textarea cols=\"40\" rows=\"10\" maxlength=\"2000\" class=\"wpcf7-form-control wpcf7-textarea wpcf7-validates-as-required\" aria-required=\"true\" aria-invalid=\"false\" name=\"your-message\"><\/textarea><\/span><\/label>\n\t<\/p>\n<\/div>\n<p><small>Para proceder con su solicitud debe leer nuestro aviso de privacidad y aceptar las finalidades que crea convenientes marcando su casilla correspondiente, tenga en cuenta que algunas finalidades pueden ser necesarias para poderle prestar el servicio solo \u00b7licidad. <a href=\"\/politica-de-privacidad\">POL\u00cdTICA DE PRIVACIDAD<\/a><\/small>\n<\/p>\n<p><small><span class=\"wpcf7-form-control-wrap\" data-name=\"aceptacio\"><span class=\"wpcf7-form-control wpcf7-radio\"><span class=\"wpcf7-list-item first\"><label><input type=\"radio\" name=\"aceptacio\" value=\"He le\u00eddo y acepto recibir publicidad o informaci\u00f3n promocional de COIMAR HOSTELERIA SL.\" \/><span class=\"wpcf7-list-item-label\">He le\u00eddo y acepto recibir publicidad o informaci\u00f3n promocional de COIMAR HOSTELERIA SL.<\/span><\/label><\/span><span class=\"wpcf7-list-item last\"><label><input type=\"radio\" name=\"aceptacio\" value=\"He le\u00eddo y NO acepto recibir publicidad o informaci\u00f3n promocional de COIMAR HOSTELERIA SL.\" \/><span class=\"wpcf7-list-item-label\">He le\u00eddo y NO acepto recibir publicidad o informaci\u00f3n promocional de COIMAR HOSTELERIA SL.<\/span><\/label><\/span><\/span><\/span><\/small>\n<\/p>\n<p>&nbsp;\n<\/p>\n<div>\n\t<p><input class=\"wpcf7-form-control wpcf7-submit has-spinner\" type=\"submit\" value=\"ENVIAR\" \/>\n\t<\/p>\n<\/div><div class=\"wpcf7-response-output\" aria-hidden=\"true\"><\/div>\n<\/form>\n<\/div>\n[vc_empty_space height=\u00bb50&#8243;][qode_elements_holder background_color=\u00bb#f4f4f4&#8243; number_of_columns=\u00bbone_column\u00bb][qode_elements_holder_item advanced_animations=\u00bbno\u00bb item_padding=\u00bb25px 25px 25px 25px\u00bb][vc_column_text css=\u00bb\u00bb]<\/p>\n<div class=\"wpb_text_column wpb_content_element \">\n<div class=\"wpb_wrapper\">\n<p><strong>INFORMACI\u00d3N B\u00c1SICA SOBRE PROTECCI\u00d3N DE DATOS<\/strong><\/p>\n<\/div>\n<\/div>\n<div class=\"separator transparente\"><\/div>\n<div class=\"wpb_text_column wpb_content_element \">\n<div class=\"wpb_wrapper\">\n<ul>\n<li style=\"list-style-type: none;\">\n<ul>\n<li style=\"list-style-type: none;\">\n<ul>\n<li><strong>Responsable:<\/strong>\u00a0COIMAR HOSTELERIA SL.<\/li>\n<li><strong>Finalidad:<\/strong>\u00a0Env\u00edo de informaci\u00f3n de nuestros servicios y otros procesos de marketing como se detalla en la informaci\u00f3n adicional.<\/li>\n<li><strong>Legitimaci\u00f3n:<\/strong>\u00a0Legitimaci\u00f3n por inter\u00e9s leg\u00edtimo del responsable, o de un tercero y su consentimiento.<\/li>\n<li><strong>Destinatarios:<\/strong>\u00a0Autoridades P\u00fablicas y\/o autoridades judiciales por obligaci\u00f3n legal.<\/li>\n<li><strong>Derechos:<\/strong>\u00a0Tiene derecho a acceder, rectificar y suprimir los datos, as\u00ed como otros derechos, como se explica en la informaci\u00f3n adicional.<\/li>\n<li><strong>Ubicaci\u00f3n:<\/strong>\u00a0Puede consultar la informaci\u00f3n adicional y detallada sobre Protecci\u00f3n de Datos en\u00a0<a href=\"https:\/\/www.hostelvic.com\/politica-de-privacidad\" target=\"_blank\" rel=\"noopener noreferrer\"><strong>+ informaci\u00f3n<\/strong><\/a>.<\/li>\n<\/ul>\n<\/li>\n<\/ul>\n<\/li>\n<\/ul>\n<\/div>\n<\/div>\n<p>[\/vc_column_text][\/qode_elements_holder_item][\/qode_elements_holder][vc_empty_space height=\u00bb50&#8243;][\/vc_column][vc_column width=\u00bb1\/3&#8243; css=\u00bb.vc_custom_1719306921922{padding-top: 50px !important;padding-right: 50px !important;padding-bottom: 50px !important;padding-left: 50px !important;background-color: #6c2b30 !important;}\u00bb][vc_single_image image=\u00bb15644&#8243; img_size=\u00bbfull\u00bb css=\u00bb\u00bb qode_css_animation=\u00bb\u00bb][vc_empty_space height=\u00bb50&#8243;][vc_column_text css=\u00bb\u00bb]<\/p>\n<h2><span style=\"color: #ffffff;\">HOSTEL VIC<\/span><\/h2>\n<p>[\/vc_column_text][vc_empty_space height=\u00bb25&#8243;][vc_column_text css=\u00bb\u00bb]<span style=\"color: #ffffff;\"><strong>COIMAR HOSTELERIA SL &#8211; B62470323<\/strong><\/span><br \/>\n<span style=\"color: #ffffff;\">C\/ Doctor Salarich, 12<\/span><br \/>\n<span style=\"color: #ffffff;\">08500 Vic (Barcelona)<\/span><br \/>\n<span style=\"color: #ffffff;\">93 889 50 22<\/span><br \/>\n<span style=\"color: #ffffff;\">info@hostelvic.com<\/span><\/p>\n<p>&nbsp;<\/p>\n<p><span style=\"color: #ffffff;\"><strong>HORARIO DE OFICINA Y SHOWROOM<br \/>\n<\/strong>De lunes a viernes:<\/span><br \/>\n<span style=\"color: #ffffff;\">Ma\u00f1ana: de 9.00 a 13.00 h.<\/span><br \/>\n<span style=\"color: #ffffff;\">Tarde: de 15.00 a 18.00 h.<\/span><\/p>\n<p>&nbsp;<\/p>\n<p><span class='q_social_icon_holder normal_social' data-color=#FFFFFF data-hover-color=#b9645a><a itemprop='url' href='https:\/\/www.instagram.com\/hostel_vic\/' target='_blank'><span aria-hidden=\"true\" class=\"qode_icon_font_elegant social_instagram fa-lg simple_social\" style=\"color: #FFFFFF;margin: 0 0 0 0;font-size: 20px;\" ><\/span><\/a><\/span>[\/vc_column_text][vc_empty_space height=\u00bb50&#8243;][vc_row_inner row_type=\u00bbrow\u00bb type=\u00bbfull_width\u00bb text_align=\u00bbleft\u00bb css_animation=\u00bb\u00bb][vc_column_inner offset=\u00bbvc_hidden-xs\u00bb][vc_raw_html css=\u00bb\u00bb]JTNDaWZyYW1lJTIwc3JjJTNEJTIyaHR0cHMlM0ElMkYlMkZ3d3cuZ29vZ2xlLmNvbSUyRm1hcHMlMkZlbWJlZCUzRnBiJTNEJTIxMW0xOCUyMTFtMTIlMjExbTMlMjExZDI5NjguNTY2MjU0MTczNTc2JTIxMmQyLjI1MTcyNTI3ODEyOTI2NyUyMTNkNDEuOTIzNjgyMTcxMjM2OTUlMjEybTMlMjExZjAlMjEyZjAlMjEzZjAlMjEzbTIlMjExaTEwMjQlMjEyaTc2OCUyMTRmMTMuMSUyMTNtMyUyMTFtMiUyMTFzMHgxMmE1MjcwZTNmZWU4NDJmJTI1M0EweGNjYTdlYWQ0NjhhMmEzNWUlMjEyc0hvc3RlbCUyNTIwVmljJTIxNWUwJTIxM20yJTIxMXNjYSUyMTJzZXMlMjE0djE3MTg4Nzc5MDA4OTYlMjE1bTIlMjExc2NhJTIxMnNlcyUyMiUyMHdpZHRoJTNEJTIyMzc1JTIyJTIwaGVpZ2h0JTNEJTIyNjQwJTIyJTIwc3R5bGUlM0QlMjJib3JkZXIlM0EwJTNCJTIyJTIwYWxsb3dmdWxsc2NyZWVuJTNEJTIyJTIyJTIwbG9hZGluZyUzRCUyMmxhenklMjIlMjByZWZlcnJlcnBvbGljeSUzRCUyMm5vLXJlZmVycmVyLXdoZW4tZG93bmdyYWRlJTIyJTNFJTNDJTJGaWZyYW1lJTNF[\/vc_raw_html][\/vc_column_inner][\/vc_row_inner][vc_row_inner row_type=\u00bbrow\u00bb type=\u00bbfull_width\u00bb text_align=\u00bbleft\u00bb css_animation=\u00bb\u00bb][vc_column_inner offset=\u00bbvc_hidden-lg vc_hidden-md vc_hidden-sm\u00bb][vc_raw_html css=\u00bb\u00bb]JTNDaWZyYW1lJTIwc3JjJTNEJTIyaHR0cHMlM0ElMkYlMkZ3d3cuZ29vZ2xlLmNvbSUyRm1hcHMlMkZlbWJlZCUzRnBiJTNEJTIxMW0xOCUyMTFtMTIlMjExbTMlMjExZDI5NjguNTY2MjU0MTczNTc2JTIxMmQyLjI1MTcyNTI3ODEyOTI2NyUyMTNkNDEuOTIzNjgyMTcxMjM2OTUlMjEybTMlMjExZjAlMjEyZjAlMjEzZjAlMjEzbTIlMjExaTEwMjQlMjEyaTc2OCUyMTRmMTMuMSUyMTNtMyUyMTFtMiUyMTFzMHgxMmE1MjcwZTNmZWU4NDJmJTI1M0EweGNjYTdlYWQ0NjhhMmEzNWUlMjEyc0hvc3RlbCUyNTIwVmljJTIxNWUwJTIxM20yJTIxMXNjYSUyMTJzZXMlMjE0djE3MTg4Nzc5MDA4OTYlMjE1bTIlMjExc2NhJTIxMnNlcyUyMiUyMHdpZHRoJTNEJTIyMjI1JTIyJTIwaGVpZ2h0JTNEJTIyNDAwJTIyJTIwc3R5bGUlM0QlMjJib3JkZXIlM0EwJTNCJTIyJTIwYWxsb3dmdWxsc2NyZWVuJTNEJTIyJTIyJTIwbG9hZGluZyUzRCUyMmxhenklMjIlMjByZWZlcnJlcnBvbGljeSUzRCUyMm5vLXJlZmVycmVyLXdoZW4tZG93bmdyYWRlJTIyJTNFJTNDJTJGaWZyYW1lJTNF[\/vc_raw_html][\/vc_column_inner][\/vc_row_inner][\/vc_column][\/vc_row]<\/p>\n<\/div>","protected":false},"excerpt":{"rendered":"<p>[vc_row css_animation=\u00bb\u00bb row_type=\u00bbrow\u00bb use_row_as_full_screen_section=\u00bbno\u00bb type=\u00bbgrid\u00bb angled_section=\u00bbno\u00bb text_align=\u00bbleft\u00bb background_image_as_pattern=\u00bbwithout_pattern\u00bb z_index=\u00bb\u00bb padding_top=\u00bb30&#8243;][vc_column][vc_column_text css=\u00bb\u00bb] Inicio \/\/ Contacto [\/vc_column_text][\/vc_column][\/vc_row][vc_row css_animation=\u00bb\u00bb row_type=\u00bbrow\u00bb use_row_as_full_screen_section=\u00bbno\u00bb type=\u00bbgrid\u00bb angled_section=\u00bbno\u00bb text_align=\u00bbleft\u00bb background_image_as_pattern=\u00bbwithout_pattern\u00bb padding_top=\u00bb75&#8243; z_index=\u00bb\u00bb padding_bottom=\u00bb75&#8243; anchor=\u00bbinici\u00bb][vc_column width=\u00bb2\/3&#8243; css=\u00bb.vc_custom_1719307199920{padding-right: 50px !important;}\u00bb][vc_column_text css=\u00bb\u00bb] CONTACTA CON NUESTRO EQUIPO [\/vc_column_text][vc_separator type=\u00bbsmall\u00bb position=\u00bbleft\u00bb color=\u00bb#000000&#8243; thickness=\u00bb1&#8243; width=\u00bb200&#8243; up=\u00bb15&#8243; down=\u00bb50&#8243;][vc_column_text css=\u00bb\u00bb]Hostel Vic (Coimar Hosteleria S.L.) es una empresa ubicada en Vic con una amplia y contrastada experiencia en el sector de la maquinaria para la hosteler\u00eda y la alimentaci\u00f3n. Ofrecemos a nuestros clientes todo tipo de equipamientos para el negocio derivado de la hosteler\u00eda, ya sean bares, restaurantes, hoteles, colegios, geri\u00e1tricos, colectividades, carnicer\u00edas, supermercados\u2026[\/vc_column_text][vc_empty_space height=\u00bb50&#8243;][vc_empty_space height=\u00bb50&#8243;][qode_elements_holder background_color=\u00bb#f4f4f4&#8243; number_of_columns=\u00bbone_column\u00bb][qode_elements_holder_item advanced_animations=\u00bbno\u00bb item_padding=\u00bb25px 25px 25px 25px\u00bb][vc_column_text css=\u00bb\u00bb] INFORMACI\u00d3N B\u00c1SICA SOBRE PROTECCI\u00d3N DE DATOS Responsable:\u00a0COIMAR HOSTELERIA SL. Finalidad:\u00a0Env\u00edo de informaci\u00f3n de nuestros servicios y otros procesos de marketing como se detalla en la informaci\u00f3n adicional. Legitimaci\u00f3n:\u00a0Legitimaci\u00f3n por inter\u00e9s leg\u00edtimo del responsable, o de un tercero y su consentimiento. Destinatarios:\u00a0Autoridades P\u00fablicas y\/o&hellip; <a class=\"continue\" href=\"https:\/\/www.hostelvic.com\/es\/contacto\/\">CONTINUAR >><span> Contacto<\/span><\/a><\/p>\n","protected":false},"author":1,"featured_media":0,"parent":0,"menu_order":0,"comment_status":"open","ping_status":"open","template":"","meta":{"_joinchat":[],"footnotes":""},"class_list":["post-16156","page","type-page","status-publish","hentry"],"_links":{"self":[{"href":"https:\/\/www.hostelvic.com\/es\/wp-json\/wp\/v2\/pages\/16156","targetHints":{"allow":["GET"]}}],"collection":[{"href":"https:\/\/www.hostelvic.com\/es\/wp-json\/wp\/v2\/pages"}],"about":[{"href":"https:\/\/www.hostelvic.com\/es\/wp-json\/wp\/v2\/types\/page"}],"author":[{"embeddable":true,"href":"https:\/\/www.hostelvic.com\/es\/wp-json\/wp\/v2\/users\/1"}],"replies":[{"embeddable":true,"href":"https:\/\/www.hostelvic.com\/es\/wp-json\/wp\/v2\/comments?post=16156"}],"version-history":[{"count":4,"href":"https:\/\/www.hostelvic.com\/es\/wp-json\/wp\/v2\/pages\/16156\/revisions"}],"predecessor-version":[{"id":16187,"href":"https:\/\/www.hostelvic.com\/es\/wp-json\/wp\/v2\/pages\/16156\/revisions\/16187"}],"wp:attachment":[{"href":"https:\/\/www.hostelvic.com\/es\/wp-json\/wp\/v2\/media?parent=16156"}],"curies":[{"name":"wp","href":"https:\/\/api.w.org\/{rel}","templated":true}]}}