{"id":16160,"date":"2024-06-27T12:12:50","date_gmt":"2024-06-27T10:12:50","guid":{"rendered":"https:\/\/www.hostelvic.com\/?page_id=16160"},"modified":"2024-07-04T18:19:07","modified_gmt":"2024-07-04T16:19:07","slug":"servicio-tecnico","status":"publish","type":"page","link":"https:\/\/www.hostelvic.com\/es\/servicio-tecnico\/","title":{"rendered":"Servicio t\u00e9cnico"},"content":{"rendered":"<div class=\"wpb-content-wrapper\"><p>[vc_row css_animation=\u00bb\u00bb row_type=\u00bbrow\u00bb use_row_as_full_screen_section=\u00bbno\u00bb type=\u00bbgrid\u00bb angled_section=\u00bbno\u00bb text_align=\u00bbleft\u00bb background_image_as_pattern=\u00bbwithout_pattern\u00bb z_index=\u00bb\u00bb padding_top=\u00bb30&#8243;][vc_column][vc_column_text css=\u00bb\u00bb]<\/p>\n<p style=\"text-align: right;\"><a href=\"\/es\">Inicio<\/a> \/\/ Servicio t\u00e9cnico<\/p>\n<p>[\/vc_column_text][\/vc_column][\/vc_row][vc_row css_animation=\u00bb\u00bb row_type=\u00bbrow\u00bb use_row_as_full_screen_section=\u00bbno\u00bb type=\u00bbgrid\u00bb angled_section=\u00bbno\u00bb text_align=\u00bbleft\u00bb background_image_as_pattern=\u00bbwithout_pattern\u00bb padding_top=\u00bb75&#8243; z_index=\u00bb\u00bb padding_bottom=\u00bb75&#8243; anchor=\u00bbinici\u00bb][vc_column width=\u00bb2\/3&#8243; css=\u00bb.vc_custom_1719307199920{padding-right: 50px !important;}\u00bb][vc_column_text css=\u00bb\u00bb]<\/p>\n<h2>CONTACTA CON EL SERVICIO T\u00c9CNICO<\/h2>\n<p>[\/vc_column_text][vc_separator type=\u00bbsmall\u00bb position=\u00bbleft\u00bb color=\u00bb#000000&#8243; thickness=\u00bb1&#8243; width=\u00bb200&#8243; up=\u00bb15&#8243; down=\u00bb50&#8243;][vc_column_text css=\u00bb\u00bb]Nuestro servicio t\u00e9cnico se caracteriza por su eficacia por resolver aver\u00edas, ya sea por qu\u00e9 tienes problemas con un bajo mostrador como a una plancha.<\/p>\n<p>&nbsp;<\/p>\n<p>Te informamos y asesoramos para tomar las mejores decisiones.<\/p>\n<p>&nbsp;<\/p>\n<p><strong>Si tienes una aver\u00eda, no dudes en contactar con nosotros.<\/strong>[\/vc_column_text][vc_empty_space height=\u00bb50&#8243;][qode_elements_holder background_color=\u00bb#f4f4f4&#8243; number_of_columns=\u00bbone_column\u00bb][qode_elements_holder_item advanced_animations=\u00bbno\u00bb item_padding=\u00bb25px 25px 25px 25px\u00bb][vc_column_text css=\u00bb\u00bb]<\/p>\n<div class=\"wpb_text_column wpb_content_element \">\n<div class=\"wpb_wrapper\">\n<p><strong>PLAN DE MANTENIMIENTO ANUAL<\/strong><\/p>\n<p>&nbsp;<\/p>\n<p>Ahora tambi\u00e9n te ofrecemos nuestro plan de mantenimiento anual que dar\u00e1 paz mental. Realizaremos una revisi\u00f3n completa en tu cocina para garantizar que tu negocio siga adelante sin interrupciones.<\/p>\n<p>&nbsp;<\/p>\n<p>Ponte en contacto con nosotros y deja que nuestro equipo t\u00e9cnico te muestre su compromiso con tu cocina.<\/p>\n<\/div>\n<\/div>\n<p>[\/vc_column_text][vc_empty_space height=\u00bb25&#8243;]<a  itemprop=\"url\" href=\"\/es\/contacto\/\" target=\"_self\"  class=\"qbutton  default\" style=\"\">+ INFORMACI\u00d3N<\/a>[\/qode_elements_holder_item][\/qode_elements_holder][vc_empty_space height=\u00bb25&#8243;][\/vc_column][vc_column width=\u00bb1\/3&#8243; css=\u00bb.vc_custom_1719306921922{padding-top: 50px !important;padding-right: 50px !important;padding-bottom: 50px !important;padding-left: 50px !important;background-color: #6c2b30 !important;}\u00bb]<span data-type=\"normal\" data-hover-icon-color=\"#ffffff\" class=\"qode_icon_shortcode  q_font_awsome_icon fa-lg  \" style=\" \"><span aria-hidden=\"true\" class=\"qode_icon_font_elegant icon_tools qode_icon_element\" style=\"font-size: 100px;color: #ffffff;\" ><\/span><\/span>[vc_empty_space height=\u00bb50&#8243;][vc_column_text css=\u00bb\u00bb]<\/p>\n<h2><span style=\"color: #ffffff;\">SERVICIO T\u00c9CNICO<\/span><\/h2>\n<p>[\/vc_column_text][vc_empty_space height=\u00bb25&#8243;][vc_column_text css=\u00bb\u00bb]<span style=\"color: #ffffff;\"><strong>HORARIO<\/strong><\/span><br \/>\n<span style=\"color: #ffffff;\">De lunes a viernes<\/span><br \/>\n<span style=\"color: #ffffff;\">de 9 a 13 h.<\/span><br \/>\n<span style=\"color: #ffffff;\">y de 15 a 19 h.<\/span><\/p>\n<p>&nbsp;<\/p>\n<p><span style=\"color: #ffffff;\"><strong>TEL\u00c9FONOS<\/strong><br \/>\n669 89 22 83<\/span><br \/>\n<span style=\"color: #ffffff;\">669 89 22 84<\/span>[\/vc_column_text][vc_empty_space height=\u00bb25&#8243;]<a  itemprop=\"url\" href=\"https:\/\/wa.me\/+34669892285\" target=\"_blank\" data-hover-background-color='#000000' data-hover-border-color='#ffffff' data-hover-color='#ffffff' class=\"qbutton  default\" style=\"color: #ffffff; border-color: #ffffff; background-color: #b9645a;\">WHATSAPP<i class=\"qode_icon_font_awesome fa fa-whatsapp qode_button_icon_element\" style=\"\" ><\/i><\/a>[\/vc_column][\/vc_row]<\/p>\n<\/div>","protected":false},"excerpt":{"rendered":"<p>[vc_row css_animation=\u00bb\u00bb row_type=\u00bbrow\u00bb use_row_as_full_screen_section=\u00bbno\u00bb type=\u00bbgrid\u00bb angled_section=\u00bbno\u00bb text_align=\u00bbleft\u00bb background_image_as_pattern=\u00bbwithout_pattern\u00bb z_index=\u00bb\u00bb padding_top=\u00bb30&#8243;][vc_column][vc_column_text css=\u00bb\u00bb] Inicio \/\/ Servicio t\u00e9cnico [\/vc_column_text][\/vc_column][\/vc_row][vc_row css_animation=\u00bb\u00bb row_type=\u00bbrow\u00bb use_row_as_full_screen_section=\u00bbno\u00bb type=\u00bbgrid\u00bb angled_section=\u00bbno\u00bb text_align=\u00bbleft\u00bb background_image_as_pattern=\u00bbwithout_pattern\u00bb padding_top=\u00bb75&#8243; z_index=\u00bb\u00bb padding_bottom=\u00bb75&#8243; anchor=\u00bbinici\u00bb][vc_column width=\u00bb2\/3&#8243; css=\u00bb.vc_custom_1719307199920{padding-right: 50px !important;}\u00bb][vc_column_text css=\u00bb\u00bb] CONTACTA CON EL SERVICIO T\u00c9CNICO [\/vc_column_text][vc_separator type=\u00bbsmall\u00bb position=\u00bbleft\u00bb color=\u00bb#000000&#8243; thickness=\u00bb1&#8243; width=\u00bb200&#8243; up=\u00bb15&#8243; down=\u00bb50&#8243;][vc_column_text css=\u00bb\u00bb]Nuestro servicio t\u00e9cnico se caracteriza por su eficacia por resolver aver\u00edas, ya sea por qu\u00e9 tienes problemas con un bajo mostrador como a una plancha. &nbsp; Te informamos y asesoramos para tomar las mejores decisiones. &nbsp; Si tienes una aver\u00eda, no dudes en contactar con nosotros.[\/vc_column_text][vc_empty_space height=\u00bb50&#8243;][qode_elements_holder background_color=\u00bb#f4f4f4&#8243; number_of_columns=\u00bbone_column\u00bb][qode_elements_holder_item advanced_animations=\u00bbno\u00bb item_padding=\u00bb25px 25px 25px 25px\u00bb][vc_column_text css=\u00bb\u00bb] PLAN DE MANTENIMIENTO ANUAL &nbsp; Ahora tambi\u00e9n te ofrecemos nuestro plan de mantenimiento anual que dar\u00e1 paz mental. Realizaremos una revisi\u00f3n completa en tu cocina para garantizar que tu negocio siga adelante sin interrupciones. &nbsp; Ponte en contacto con nosotros y deja que nuestro equipo t\u00e9cnico te muestre su compromiso&hellip; <a class=\"continue\" href=\"https:\/\/www.hostelvic.com\/es\/servicio-tecnico\/\">CONTINUAR >><span> Servicio t\u00e9cnico<\/span><\/a><\/p>\n","protected":false},"author":1,"featured_media":0,"parent":0,"menu_order":0,"comment_status":"open","ping_status":"open","template":"","meta":{"_joinchat":[],"footnotes":""},"class_list":["post-16160","page","type-page","status-publish","hentry"],"_links":{"self":[{"href":"https:\/\/www.hostelvic.com\/es\/wp-json\/wp\/v2\/pages\/16160","targetHints":{"allow":["GET"]}}],"collection":[{"href":"https:\/\/www.hostelvic.com\/es\/wp-json\/wp\/v2\/pages"}],"about":[{"href":"https:\/\/www.hostelvic.com\/es\/wp-json\/wp\/v2\/types\/page"}],"author":[{"embeddable":true,"href":"https:\/\/www.hostelvic.com\/es\/wp-json\/wp\/v2\/users\/1"}],"replies":[{"embeddable":true,"href":"https:\/\/www.hostelvic.com\/es\/wp-json\/wp\/v2\/comments?post=16160"}],"version-history":[{"count":2,"href":"https:\/\/www.hostelvic.com\/es\/wp-json\/wp\/v2\/pages\/16160\/revisions"}],"predecessor-version":[{"id":16181,"href":"https:\/\/www.hostelvic.com\/es\/wp-json\/wp\/v2\/pages\/16160\/revisions\/16181"}],"wp:attachment":[{"href":"https:\/\/www.hostelvic.com\/es\/wp-json\/wp\/v2\/media?parent=16160"}],"curies":[{"name":"wp","href":"https:\/\/api.w.org\/{rel}","templated":true}]}}