{"id":16166,"date":"2024-06-18T12:51:38","date_gmt":"2024-06-18T10:51:38","guid":{"rendered":"https:\/\/www.hostelvic.com\/?page_id=16166"},"modified":"2024-07-04T18:14:30","modified_gmt":"2024-07-04T16:14:30","slug":"aviso-legal","status":"publish","type":"page","link":"https:\/\/www.hostelvic.com\/es\/inicio\/aviso-legal\/","title":{"rendered":"Aviso legal"},"content":{"rendered":"<div class=\"wpb-content-wrapper\"><p>[vc_row css_animation=\u00bb\u00bb row_type=\u00bbrow\u00bb use_row_as_full_screen_section=\u00bbno\u00bb type=\u00bbgrid\u00bb angled_section=\u00bbno\u00bb text_align=\u00bbleft\u00bb background_image_as_pattern=\u00bbwithout_pattern\u00bb z_index=\u00bb\u00bb padding_top=\u00bb30&#8243;][vc_column][vc_column_text css=\u00bb\u00bb]<\/p>\n<p style=\"text-align: right;\"><a href=\"\/es\">Inicio<\/a> \/\/ Aviso legal<\/p>\n<p>[\/vc_column_text][\/vc_column][\/vc_row][vc_row css_animation=\u00bb\u00bb row_type=\u00bbrow\u00bb use_row_as_full_screen_section=\u00bbno\u00bb type=\u00bbgrid\u00bb angled_section=\u00bbno\u00bb text_align=\u00bbleft\u00bb background_image_as_pattern=\u00bbwithout_pattern\u00bb padding_top=\u00bb50&#8243; padding_bottom=\u00bb75&#8243; z_index=\u00bb\u00bb anchor=\u00bbinici\u00bb][vc_column][vc_column_text css=\u00bb\u00bb]<\/p>\n<h2 style=\"text-align: left;\">TITULAR WEB<\/h2>\n<p>[vc_separator type=\u00bbsmall\u00bb position=\u00bbleft\u00bb up=\u00bb15&#8243; down=\u00bb40&#8243; color=\u00bb#000000&#8243; transparency=\u00bb1&#8243; thickness=\u00bb1&#8243; width=\u00bb100&#8243;]<\/p>\n<p>En cumplimiento del art\u00edculo 10 de la Ley 34\/2002, de 11 de julio, de Servicios de la Sociedad de la Informaci\u00f3n y del Comercio Electr\u00f3nico.<\/p>\n<p>&nbsp;<\/p>\n<p>En calidad del Titular de la p\u00e1gina web (Website) www.hostelvic.com a continuaci\u00f3n le comunica los datos identificativos exigidos por la mencionada Ley.<\/p>\n<ul>\n<li style=\"list-style-type: none;\">\n<ul>\n<li style=\"list-style-type: none;\">\n<ul style=\"text-align: left;\">\n<li style=\"text-align: left;\">Nombre Comercial: HOSTEL VIC<\/li>\n<li style=\"text-align: left;\">Titular de la p\u00e1gina web: HOSTEL VIC (En adelante el responsable del dominio)<\/li>\n<li style=\"text-align: left;\">CIF: B62470323<\/li>\n<li style=\"text-align: left;\">Direcci\u00f3n: C\/DR. SALARICH 12-08.500 VIC (BARCELONA)<\/li>\n<li style=\"text-align: left;\">Tel\u00e9fono: 938895022<\/li>\n<li style=\"text-align: left;\">E-mail: info@hostelvic.com<\/li>\n<li style=\"text-align: left;\">INSCRIPCI\u00d3N REGISTRAL. Registro Mercantil de Barcelona, \u200b\u200bTom 00000, Folio 00, Full B000000, Inscripci\u00f3n 0.<\/li>\n<\/ul>\n<\/li>\n<\/ul>\n<\/li>\n<\/ul>\n<p>[vc_empty_space height=\u00bb75px\u00bb]<\/p>\n<h2 style=\"text-align: left;\">LEGISLACI\u00d3N APLICABLE<\/h2>\n<p>[vc_separator type=\u00bbsmall\u00bb position=\u00bbleft\u00bb up=\u00bb15&#8243; down=\u00bb40&#8243; color=\u00bb#000000&#8243; transparency=\u00bb1&#8243; thickness=\u00bb1&#8243; width=\u00bb100&#8243;]<\/p>\n<p>Ley Org\u00e1nica 34\/2002, de 11 de Julio, de Servicios de la Sociedad de la Informaci\u00f3n y del Comercio Electr\u00f3nico Ley 56\/2007, de 28 de diciembre, de medidas de impulso de la Sociedad de la Informaci\u00f3n. Reglamento (UE) 2016\/679 27 de julio de 2016. (GPDR) y la Ley Org\u00e1nica (ES) 15\/1999, de 13 de diciembre.<\/p>\n<p>&nbsp;<\/p>\n<p>En caso de que una autoridad competente declare la nulidad de cualquiera de las disposiciones de este Aviso Legal, las restantes disposiciones seguir\u00e1n siendo v\u00e1lidas y vinculantes para ambas partes, salvo que dicha autoridad resuelva expresamente otra cosa.<\/p>\n<p>&nbsp;<\/p>\n<p>Con car\u00e1cter general, las relaciones entre el responsable del dominio con los Usuarios de sus servicios telem\u00e1ticos, presentes en este sitio web, se encuentran sometidas a la legislaci\u00f3n y jurisdicci\u00f3n espa\u00f1olas. Para cualquier conflicto derivado de la interpretaci\u00f3n de las mismas, las partes se someten, a elecci\u00f3n, para la resoluci\u00f3n de los conflictos y con renuncia a cualquier otro fuero, en los juzgados y tribunales del domicilio del responsable del dominio, propietario de la p\u00e1gina web , siempre que esto no sea contrario a lo dispuesto en el art\u00edculo 29 de la LSSI.<\/p>\n<p>[vc_empty_space height=\u00bb75px\u00bb]<\/p>\n<h2 style=\"text-align: left;\">POL\u00cdTICA DE PRIVACIDAD<\/h2>\n<p>[vc_separator type=\u00bbsmall\u00bb position=\u00bbleft\u00bb up=\u00bb15&#8243; down=\u00bb40&#8243; color=\u00bb#000000&#8243; transparency=\u00bb1&#8243; thickness=\u00bb1&#8243; width=\u00bb100&#8243;]<\/p>\n<p style=\"text-align: left;\">A efectos de lo que prev\u00e9 la Ley de Protecci\u00f3n de datos de car\u00e1cter personal este sitio web dispone de la informaci\u00f3n al usuario exigida por la misma, consulte nuestra Pol\u00edtica de Privacidad antes de facilitar cualquiera de sus datos de car\u00e1cter personal, ya sea por los formularios disponibles o bien por cualquier otro medio de contacto.<\/p>\n<p>[vc_empty_space height=\u00bb75px\u00bb]<\/p>\n<h2 style=\"text-align: left;\">PROPIEDAD INTELECTUAL E INDUSTRIAL<\/h2>\n<p>[vc_separator type=\u00bbsmall\u00bb position=\u00bbleft\u00bb up=\u00bb15&#8243; down=\u00bb40&#8243; color=\u00bb#000000&#8243; transparency=\u00bb1&#8243; thickness=\u00bb1&#8243; width=\u00bb100&#8243;]<\/p>\n<p>Los derechos de propiedad intelectual del contenido de las p\u00e1ginas web, su dise\u00f1o gr\u00e1fico y c\u00f3digos son titularidad del responsable del dominio y, por tanto, queda prohibida su reproducci\u00f3n, distribuci\u00f3n, comunicaci\u00f3n p\u00fablica, transformaci\u00f3n o cualquier otra actividad que se pueda realizar con los contenidos de la p\u00e1gina web ni a\u00fan citando las fuentes, salvo consentimiento por escrito del responsable del dominio.<\/p>\n<p>&nbsp;<\/p>\n<p>El responsable del dominio no concede ning\u00fan tipo de licencia o autorizaci\u00f3n de uso personal al Usuario sobre sus derechos de propiedad intelectual e industrial o sobre cualquier otro derecho relacionado con el presente sitio web y los servicios o productos ofrecidos en el mismo.<\/p>\n<p>[vc_empty_space height=\u00bb75px\u00bb]<\/p>\n<h2 style=\"text-align: left;\">POL\u00cdTICA DE COOKIES<\/h2>\n<p>[vc_separator type=\u00bbsmall\u00bb position=\u00bbleft\u00bb up=\u00bb15&#8243; down=\u00bb40&#8243; color=\u00bb#000000&#8243; transparency=\u00bb1&#8243; thickness=\u00bb1&#8243; width=\u00bb100&#8243;]<\/p>\n<p style=\"text-align: left;\">Esta p\u00e1gina web utiliza tecnolog\u00eda \u00abcookies\u00bb, para m\u00e1s informaci\u00f3n consulte Pol\u00edtica de Cookies.<\/p>\n<p>[vc_empty_space height=\u00bb75px\u00bb]<\/p>\n<h2 style=\"text-align: left;\">CONDICIONES GENERALES DE UTILIZACI\u00d3N<\/h2>\n<p>[vc_separator type=\u00bbsmall\u00bb position=\u00bbleft\u00bb up=\u00bb15&#8243; down=\u00bb40&#8243; color=\u00bb#000000&#8243; transparency=\u00bb1&#8243; thickness=\u00bb1&#8243; width=\u00bb100&#8243;]<\/p>\n<p>El sitio web tiene por objeto facilitar a los usuarios informaci\u00f3n sobre los servicios y\/o productos ofrecidos por el responsable del dominio, as\u00ed como poder cursar una petici\u00f3n de informaci\u00f3n de los mismos a trav\u00e9s de sus formularios o bien por cualquier otro contenido de contacto del mismo sitio web, y est\u00e1 dirigido exclusivamente a personas f\u00edsicas o jur\u00eddicas con plena capacidad de obligarse.<\/p>\n<p>&nbsp;<\/p>\n<p>El responsable del dominio se reserva el derecho a modificar el presente aviso legal para adaptarlo a novedades legislativas o jurisprudenciales as\u00ed como a pr\u00e1cticas del comercio y\/o la industria. En estos supuestos, el responsable del dominio anunciar\u00e1 en esta p\u00e1gina web los cambios introducidos con razonable antelaci\u00f3n a su puesta en pr\u00e1ctica por lo que le recomendamos revisar este aviso legal cada vez que acceda a nuestro sitio web.<\/p>\n<p>&nbsp;<\/p>\n<p>El Usuario queda informado, y acepta, que el acceso a este sitio web no supone, en modo alguno, el inicio de una relaci\u00f3n comercial con el responsable del dominio o cualquiera de sus puntos de venta y\/o colaboradores .<\/p>\n<p>&nbsp;<\/p>\n<p>Estas condiciones son de aplicaci\u00f3n para cualquier Usuario que acceda a la presente p\u00e1gina web. El Usuario se compromete a utilizar los contenidos y servicios de conformidad con la Ley, el presente Aviso Legal, las buenas costumbres y el orden p\u00fablico. De igual modo, el Usuario se obliga a no utilizar la p\u00e1gina web, sus contenidos o servicios que se presten a trav\u00e9s de la misma con fines o efectos il\u00edcitos, siendo contrarios o lesivos de intereses o derechos de terceros , o que de cualquier otra forma, pueda da\u00f1ar, inutilizar, hacer inaccesibles o deteriorar la p\u00e1gina web.<\/p>\n<p>&nbsp;<\/p>\n<p>Asimismo, el usuario se compromete expresamente a no destruir, alterar, inutilizar o, de cualquier otra forma, da\u00f1ar los datos, programas o documentos electr\u00f3nicos que se encuentren en la p\u00e1gina web.<\/p>\n<p>&nbsp;<\/p>\n<p>El usuario utilizar\u00e1 los servicios y materiales disponibles en la p\u00e1gina web, as\u00ed como los contenidos exclusivamente para fines particulares, excluyendo cualquier modalidad de utilizaci\u00f3n distinta a \u00e9sta, y con exclusi\u00f3n espec\u00edfica a cualquier utilizaci\u00f3n con \u00e1nimo de lucro o que reporte beneficio, directo o indirecto al usuario oa terceros.<\/p>\n<p>&nbsp;<\/p>\n<p>El usuario deber\u00e1 establecer las medidas de seguridad de car\u00e1cter t\u00e9cnico adecuadas para evitar acciones no deseadas en su sistema de informaci\u00f3n, archivos y equipos inform\u00e1ticos empleados para acceder a Internet y, especialmente, en la p\u00e1gina web y\/o los Contenidos, siendo consciente de que Internet no es un medio totalmente seguro.<\/p>\n<p>&nbsp;<\/p>\n<p>El responsable del dominio se reserva el derecho a actualizar, modificar o eliminar la informaci\u00f3n contenida en sus p\u00e1ginas.<\/p>\n<p>&nbsp;<\/p>\n<p>El usuario se compromete a hacer un uso adecuado de los contenidos y servicios (como por ejemplo servicios de chat, foros y\/o redes sociales) que el responsable del dominio pueda ofrecer a trav\u00e9s de su sitio web y con car\u00e1cter enunciativo pero no limitativo, a no utilizarlos para (i) incurrir en actividades il\u00edcitas, ilegales o contrarias a la buena fe y al orden p\u00fablico; (ii) difundir contenidos o propaganda de car\u00e1cter racista, xen\u00f3fobo, pornogr\u00e1fico-ilegal, de apolog\u00eda del terrorismo o que atente contra los derechos humanos; (iii) provocar da\u00f1os en los sistemas f\u00edsicos y l\u00f3gicos del responsable del dominio, de sus proveedores, colaboradores o de terceras personas, introducir o difundir en la red virus inform\u00e1ticos o cualesquiera otros sistemas f\u00edsicos o l\u00f3gicos que sean susceptibles de provocar los da\u00f1os anteriormente mencionados; (iv) intentar acceder y, en su caso, utilizar las cuentas de correo electr\u00f3nico de otros usuarios y modificar o manipular sus mensajes. En cualquier caso, el responsable del dominio no ser\u00e1 responsable de las opiniones vertidas por los usuarios a trav\u00e9s de los foros, chats, u otras herramientas de participaci\u00f3n.<\/p>\n<p>&nbsp;<\/p>\n<p>El Website del responsable del dominio est\u00e1 traducido al catal\u00e1n, de conformidad con lo que establece el art\u00edculo 3 de la Constituci\u00f3n Espa\u00f1ola de 1978 y sus estatutos de autonom\u00eda.<br \/>\nSe excluyen de la traducci\u00f3n las normas jur\u00eddicas.<\/p>\n<p>[vc_empty_space height=\u00bb75px\u00bb]<\/p>\n<h2 style=\"text-align: left;\">ENLACES WEB DE TERCEROS<\/h2>\n<p>[vc_separator type=\u00bbsmall\u00bb position=\u00bbleft\u00bb up=\u00bb15&#8243; down=\u00bb40&#8243; color=\u00bb#000000&#8243; transparency=\u00bb1&#8243; thickness=\u00bb1&#8243; width=\u00bb100&#8243;]<\/p>\n<p>El responsable del dominio podr\u00e1 incluir en el sitio web enlaces a sitios web de terceros. Estos enlaces son incluidos directamente por el responsable del dominio por entender de buena fe que, considerando que pueden resultar de inter\u00e9s para usted. El responsable del dominio realiza tantos esfuerzos razonables sean posibles para identificar si la informaci\u00f3n hacia la que se efect\u00faa el enlace es relevante y pertinente, pero no realiza auditor\u00edas o controles de los sitios web que pudiera se establece el enlace, as\u00ed como tampoco en relaci\u00f3n con las acciones u omisiones de quienes les decidan operar, usted tendr\u00e1 en todo momento la libertad de decidir (sin obligaci\u00f3n alguna) si desea o no hacer clic sobre cualquier enlace disponible en la web, o bien interactuar a trav\u00e9s de cualquier otro medio o modo que usted prefiera, informarse en su totalidad de las condiciones de uso, Pol\u00edtica de Privacidad y\/u otros t\u00e9rminos aplicables del sitio web de terceros son aceptables o no para usted, por lo que el responsable del dominio no asume responsabilidad alguna por la informaci\u00f3n contenida en p\u00e1ginas web de terceros a las que se pueda acceder por \u00ablinks\u00bb o enlaces desde cualquier p\u00e1gina web propiedad del responsable del dominio.<\/p>\n<p>&nbsp;<\/p>\n<p>La presencia de \u00ablinks\u00bb o enlaces a las p\u00e1ginas web del responsable del dominio tiene finalidad meramente informativa y en ning\u00fan caso supone sugerencia, invitaci\u00f3n o recomendaci\u00f3n sobre los mismos.<\/p>\n<p>&nbsp;<\/p>\n<p>Por favor, si usted detecta que cualquiera de los enlaces ha dejado de ser correcto, no funciona, y\/o remite a un sitio web que de cualquier forma incumple con la normativa aplicable, le agradecemos nos lo comunique mediante correo electr\u00f3nico a la direcci\u00f3n info@hostelvic.com.<\/p>\n<p>[vc_empty_space height=\u00bb75px\u00bb]<\/p>\n<h2 style=\"text-align: left;\">ENLACES AL SITIO WEB<\/h2>\n<p>[vc_separator type=\u00bbsmall\u00bb position=\u00bbleft\u00bb up=\u00bb15&#8243; down=\u00bb40&#8243; color=\u00bb#000000&#8243; transparency=\u00bb1&#8243; thickness=\u00bb1&#8243; width=\u00bb100&#8243;]<\/p>\n<p>Cualquier tercero que quisiera introducir enlaces desde sus p\u00e1ginas web a este sitio web debe cumplir con todas las condiciones exigidas legalmente sin que el desconocimiento de las mismas evite las responsabilidades derivadas de la Ley, no podr\u00e1 en ning\u00fan caso disponer o enlazar con contenidos propios o de terceros que sean il\u00edcitos, nocivos o contrarios a la moral ya las buenas costumbres.<\/p>\n<p>&nbsp;<\/p>\n<p>El enlace \u00fanicamente vinculara con la home page o p\u00e1gina principal del sitio web y no podr\u00e1 reproducirla de otro modo. Quedar\u00e1 en todo caso prohibido establecer frames o marcos de cualquier tipo que envuelvan en la p\u00e1gina web o permitan la visualizaci\u00f3n de los contenidos a trav\u00e9s de direcciones de Internet distintas a las de la p\u00e1gina web y, en ning\u00fan caso, cuando se puedan visualizar conjuntamente con contenidos ajenos a la p\u00e1gina web de modo que:<\/p>\n<p>&nbsp;<\/p>\n<ol>\n<li style=\"list-style-type: none;\">\n<ol>\n<li style=\"list-style-type: none;\">\n<ol>\n<li style=\"text-align: left;\">Puede producir error, confusi\u00f3n o enga\u00f1o en los usuarios sobre la veracidad de la procedencia de los servicios o sus contenidos.<\/li>\n<li style=\"text-align: left;\">Suponga un acto de comparaci\u00f3n o imitaci\u00f3n desleal.<\/li>\n<li style=\"text-align: left;\">Sirva para aprovechar la reputaci\u00f3n de la marca, prestigio o manifestaci\u00f3n falsa, inexacta o incorrecta sobre el responsable del dominio, sus servicios, socios, empleados, clientes o colaboradores.<\/li>\n<li style=\"text-align: left;\">De cualquier otra forma resulte prohibido por la legislaci\u00f3n aplicable y vigente en cada momento.<\/li>\n<\/ol>\n<\/li>\n<\/ol>\n<\/li>\n<\/ol>\n<p>&nbsp;<\/p>\n<p>En ning\u00fan caso, se expresara en la p\u00e1gina donde se ubique el enlace que el responsable del dominio ha prestado su consentimiento para la inserci\u00f3n del enlace o que de otra forma patrocina, colabora, verifica o supervisa los servicios del remitente.<\/p>\n<p>&nbsp;<\/p>\n<p>Est\u00e1 prohibida la utilizaci\u00f3n de cualquier marca nombrada del responsable del dominio dentro de la p\u00e1gina del remitente, salvo en los casos permitidos por la ley o expresamente autorizados por el responsable del dominio y siempre con lo establecido en esta cl\u00e1usula.<\/p>\n<p>&nbsp;<\/p>\n<p>El responsable del dominio se reserva el derecho a ejercer todas las acciones que correspondan en derecho por cualesquiera enlaces realizados por terceros a la p\u00e1gina web que suponga una vulneraci\u00f3n de sus leg\u00edtimos derechos o de aquellos de terceros proveedores, colaboradores o entidades asociadas de esta.<\/p>\n<p>[vc_empty_space height=\u00bb75px\u00bb]<\/p>\n<h2 style=\"text-align: left;\">EXCLUSI\u00d3N DE RESPONSABILIDADES<\/h2>\n<p>[vc_separator type=\u00bbsmall\u00bb position=\u00bbleft\u00bb up=\u00bb15&#8243; down=\u00bb40&#8243; color=\u00bb#000000&#8243; transparency=\u00bb1&#8243; thickness=\u00bb1&#8243; width=\u00bb100&#8243;]<\/p>\n<p>Las informaciones presentadas en este sitio web son de car\u00e1cter orientativo, quedando el responsable del dominio exento de cualquier responsabilidad derivada de la falta de exactitud, efectividad o actualizaci\u00f3n en esta informaci\u00f3n. El responsable del dominio se reserva el derecho a modificar el contenido de la p\u00e1gina web sin previo aviso y sin ning\u00fan tipo de limitaci\u00f3n.<\/p>\n<p>&nbsp;<\/p>\n<p>El responsable del dominio no responde de la veracidad de las informaciones que no sean de elaboraci\u00f3n propia y de las que se indique otra fuente, de modo que tampoco asume ninguna responsabilidad en cuanto a hipot\u00e9ticos perjuicios que pudieran originarse por uso de esta informaci\u00f3n.<\/p>\n<p>&nbsp;<\/p>\n<p>Se exonera al responsable del dominio de responsabilidad ante cualquier da\u00f1o o perjuicio que pudiera surgir el usuario como consecuencia de errores, defectos u omisiones, en la informaci\u00f3n facilitada por el responsable del dominio siempre que proceda de fuentes ajenas al mismo.<\/p>\n<p>&nbsp;<\/p>\n<p>En todo caso, el responsable del dominio excluye cualquier responsabilidad por los da\u00f1os y perjuicios que puedan deberse a la informaci\u00f3n y\/o servicios prestados o suministrados por terceros distintos del mismo. Toda responsabilidad ser\u00e1 del tercero ya sea proveedor, colaborador, entidades asociadas, etc.<\/p>\n<p>&nbsp;<\/p>\n<p>Queda prohibido el acceso, registro, navegaci\u00f3n, utilizaci\u00f3n, alojamiento y\/o descargas de materiales y\/o uso de los servicios de cualquier sitio web y\/o contenidos del responsable del dominio por parte de menores de edad. En particular, el responsable del dominio no garantiza que los Usuarios utilicen el Portal y los Contenidos de conformidad con el presente Aviso Legal, ni que lo hagan de forma diligente y prudente.<\/p>\n<p>&nbsp;<\/p>\n<p>La presente informaci\u00f3n regula las condiciones de uso, las limitaciones de responsabilidad y las obligaciones que los usuarios de la p\u00e1gina web que se publica bajo el nombre del dominio www.hostelvic.com las cuales los usuarios asumen y se comprometen a respetar, frente a cualquier duda o consulta de las mismas, as\u00ed como de nuestros servicios y\/o productos puede contactar con nosotros en el correo electr\u00f3nico info@hostelvic.com en los t\u00e9rminos establecidos en este aviso legal.[\/vc_column_text][\/vc_column][\/vc_row]<\/p>\n<\/div>","protected":false},"excerpt":{"rendered":"<p>[vc_row css_animation=\u00bb\u00bb row_type=\u00bbrow\u00bb use_row_as_full_screen_section=\u00bbno\u00bb type=\u00bbgrid\u00bb angled_section=\u00bbno\u00bb text_align=\u00bbleft\u00bb background_image_as_pattern=\u00bbwithout_pattern\u00bb z_index=\u00bb\u00bb padding_top=\u00bb30&#8243;][vc_column][vc_column_text css=\u00bb\u00bb] Inicio \/\/ Aviso legal [\/vc_column_text][\/vc_column][\/vc_row][vc_row css_animation=\u00bb\u00bb row_type=\u00bbrow\u00bb use_row_as_full_screen_section=\u00bbno\u00bb type=\u00bbgrid\u00bb angled_section=\u00bbno\u00bb text_align=\u00bbleft\u00bb background_image_as_pattern=\u00bbwithout_pattern\u00bb padding_top=\u00bb50&#8243; padding_bottom=\u00bb75&#8243; z_index=\u00bb\u00bb anchor=\u00bbinici\u00bb][vc_column][vc_column_text css=\u00bb\u00bb] TITULAR WEB [vc_separator type=\u00bbsmall\u00bb position=\u00bbleft\u00bb up=\u00bb15&#8243; down=\u00bb40&#8243; color=\u00bb#000000&#8243; transparency=\u00bb1&#8243; thickness=\u00bb1&#8243; width=\u00bb100&#8243;] En cumplimiento del art\u00edculo 10 de la Ley 34\/2002, de 11 de julio, de Servicios de la Sociedad de la Informaci\u00f3n y del Comercio Electr\u00f3nico. &nbsp; En calidad del Titular de la p\u00e1gina web (Website) www.hostelvic.com a continuaci\u00f3n le comunica los datos identificativos exigidos por la mencionada Ley. Nombre Comercial: HOSTEL VIC Titular de la p\u00e1gina web: HOSTEL VIC (En adelante el responsable del dominio) CIF: B62470323 Direcci\u00f3n: C\/DR. SALARICH 12-08.500 VIC (BARCELONA) Tel\u00e9fono: 938895022 E-mail: info@hostelvic.com INSCRIPCI\u00d3N REGISTRAL. Registro Mercantil de Barcelona, \u200b\u200bTom 00000, Folio 00, Full B000000, Inscripci\u00f3n 0. [vc_empty_space height=\u00bb75px\u00bb] LEGISLACI\u00d3N APLICABLE [vc_separator type=\u00bbsmall\u00bb position=\u00bbleft\u00bb up=\u00bb15&#8243; down=\u00bb40&#8243; color=\u00bb#000000&#8243; transparency=\u00bb1&#8243; thickness=\u00bb1&#8243; width=\u00bb100&#8243;] Ley Org\u00e1nica 34\/2002, de 11 de Julio,&hellip; <a class=\"continue\" href=\"https:\/\/www.hostelvic.com\/es\/inicio\/aviso-legal\/\">CONTINUAR >><span> Aviso legal<\/span><\/a><\/p>\n","protected":false},"author":1,"featured_media":0,"parent":16102,"menu_order":0,"comment_status":"open","ping_status":"open","template":"full_width.php","meta":{"_joinchat":[],"footnotes":""},"class_list":["post-16166","page","type-page","status-publish","hentry"],"_links":{"self":[{"href":"https:\/\/www.hostelvic.com\/es\/wp-json\/wp\/v2\/pages\/16166","targetHints":{"allow":["GET"]}}],"collection":[{"href":"https:\/\/www.hostelvic.com\/es\/wp-json\/wp\/v2\/pages"}],"about":[{"href":"https:\/\/www.hostelvic.com\/es\/wp-json\/wp\/v2\/types\/page"}],"author":[{"embeddable":true,"href":"https:\/\/www.hostelvic.com\/es\/wp-json\/wp\/v2\/users\/1"}],"replies":[{"embeddable":true,"href":"https:\/\/www.hostelvic.com\/es\/wp-json\/wp\/v2\/comments?post=16166"}],"version-history":[{"count":1,"href":"https:\/\/www.hostelvic.com\/es\/wp-json\/wp\/v2\/pages\/16166\/revisions"}],"predecessor-version":[{"id":16167,"href":"https:\/\/www.hostelvic.com\/es\/wp-json\/wp\/v2\/pages\/16166\/revisions\/16167"}],"up":[{"embeddable":true,"href":"https:\/\/www.hostelvic.com\/es\/wp-json\/wp\/v2\/pages\/16102"}],"wp:attachment":[{"href":"https:\/\/www.hostelvic.com\/es\/wp-json\/wp\/v2\/media?parent=16166"}],"curies":[{"name":"wp","href":"https:\/\/api.w.org\/{rel}","templated":true}]}}