{"id":16170,"date":"2024-06-20T10:49:29","date_gmt":"2024-06-20T08:49:29","guid":{"rendered":"https:\/\/www.hostelvic.com\/?page_id=16170"},"modified":"2024-07-04T18:16:04","modified_gmt":"2024-07-04T16:16:04","slug":"politica-de-cookies","status":"publish","type":"page","link":"https:\/\/www.hostelvic.com\/es\/inicio\/politica-de-cookies\/","title":{"rendered":"Pol\u00edtica de cookies"},"content":{"rendered":"<div class=\"wpb-content-wrapper\"><p>[vc_row css_animation=\u00bb\u00bb row_type=\u00bbrow\u00bb use_row_as_full_screen_section=\u00bbno\u00bb type=\u00bbgrid\u00bb angled_section=\u00bbno\u00bb text_align=\u00bbleft\u00bb background_image_as_pattern=\u00bbwithout_pattern\u00bb z_index=\u00bb\u00bb padding_top=\u00bb30&#8243;][vc_column][vc_column_text css=\u00bb\u00bb]<\/p>\n<p style=\"text-align: right;\"><a href=\"\/es\">Inicio<\/a> \/\/ Pol\u00edtica de Cookies<\/p>\n<p>[\/vc_column_text][\/vc_column][\/vc_row][vc_row css_animation=\u00bb\u00bb row_type=\u00bbrow\u00bb use_row_as_full_screen_section=\u00bbno\u00bb type=\u00bbgrid\u00bb angled_section=\u00bbno\u00bb text_align=\u00bbleft\u00bb background_image_as_pattern=\u00bbwithout_pattern\u00bb padding_top=\u00bb75&#8243; padding_bottom=\u00bb75&#8243; z_index=\u00bb\u00bb anchor=\u00bbinici\u00bb][vc_column][vc_column_text css=\u00bb\u00bb]Esta p\u00e1gina web utiliza tecnolog\u00eda \u00abcookies\u00bb.<\/p>\n<p>&nbsp;<\/p>\n<p>COIMAR HOSTELERIA SL, (En adelante el responsable del dominio) a trav\u00e9s del presente documento, recoge su Pol\u00edtica de recogida y tratamiento de galletas, en cumplimiento de lo dispuesto en el art\u00edculo 22.2 de la Ley 34\/2002, de 11 de julio , de servicios de la Sociedad de la Informaci\u00f3n y de Comercio Electr\u00f3nico (LSSICE).<\/p>\n<p>&nbsp;<\/p>\n<p>Las cookies se almacenan en el equipo final del usuario (ordenador o dispositivo m\u00f3vil) y recopilan informaci\u00f3n al visitar la p\u00e1gina web www.hostelvic.com, con el fin de mejorar la usabilidad de \u00e9stas, conocer sus h\u00e1bitos o necesidades de navegaci\u00f3n de los usuarios para poder adaptarse a \u00e9stos, as\u00ed como obtener informaci\u00f3n con fines estad\u00edsticos. En el caso de aquellos usuarios que ya sean clientes del responsable del dominio, la informaci\u00f3n recogida con las cookies servir\u00e1 tambi\u00e9n para su identificaci\u00f3n al acceder a las diferentes herramientas que el responsable del dominio pone a su disposici\u00f3n para la gesti\u00f3n de los servicios.<\/p>\n<p>&nbsp;<\/p>\n<p>La presente Pol\u00edtica de Cookies ser\u00e1 de aplicaci\u00f3n a aquellos usuarios que voluntariamente visiten la p\u00e1gina web del responsable del dominio, rellenen formularios de recogida de datos, acceden a las herramientas que el responsable del dominio pone a disposici\u00f3n de sus clientes para gestionar sus servicios o productos, o utilizan cualquier otro servicio presente en la p\u00e1gina web que implique la comunicaci\u00f3n de datos al responsable del dominio, o el acceso a datos por el responsable del dominio, para la prestaci\u00f3n de sus servicios y\/o productos.<\/p>\n<p>[vc_empty_space height=\u00bb75px\u00bb]<\/p>\n<h2 style=\"text-align: left;\">\u00bfPor qu\u00e9 son importantes?<\/h2>\n<p>[vc_separator type=\u00bbsmall\u00bb position=\u00bbleft\u00bb up=\u00bb15&#8243; down=\u00bb40&#8243; color=\u00bb#000000&#8243; transparency=\u00bb1&#8243; thickness=\u00bb1&#8243; width=\u00bb100&#8243;]<\/p>\n<p style=\"text-align: left;\">Desde un punto de vista t\u00e9cnico, permiten que los Websites funcionen de forma m\u00e1s \u00e1gil y adaptada a las preferencias de los usuarios, como almacenar el idioma, la moneda del pa\u00eds o detectar el dispositivo de acceso.<\/p>\n<p>&nbsp;<\/p>\n<ul>\n<li style=\"list-style-type: none;\">\n<ul>\n<li style=\"list-style-type: none;\">\n<ul style=\"text-align: left;\">\n<li style=\"text-align: left;\">Establecen niveles de protecci\u00f3n y seguridad que impiden o dificultan ciberataques contra el sitio web o sus usuarios.<\/li>\n<li style=\"text-align: left;\">Permiten que los gestores de los medios puedan conocer datos estad\u00edsticos recopilados en las cookies para mejorar la calidad y experiencia de sus servicios.<\/li>\n<li style=\"text-align: left;\">Sirven para optimizar la publicidad que se muestra a los usuarios, ofreciendo la que m\u00e1s se ajusta a sus intereses.<\/li>\n<\/ul>\n<\/li>\n<\/ul>\n<\/li>\n<\/ul>\n<p>&nbsp;<\/p>\n<p style=\"text-align: left;\">El responsable del dominio informa a los usuarios de su sitio web, de la existencia de cookies y pone a su disposici\u00f3n la presente Pol\u00edtica con el fin de informarles sobre el uso y del objeto de \u00e9stas. <strong>El hecho de continuar la navegaci\u00f3n a trav\u00e9s de sus p\u00e1ginas, supone el conocimiento y aceptaci\u00f3n de la presente Pol\u00edtica por parte de estos usuarios.<\/strong><\/p>\n<p>[vc_empty_space height=\u00bb75px\u00bb]<\/p>\n<h2 style=\"text-align: left;\">Declaraci\u00f3n de Cookies del responsable del dominio<\/h2>\n<p>[vc_separator type=\u00bbsmall\u00bb position=\u00bbleft\u00bb up=\u00bb15&#8243; down=\u00bb40&#8243; color=\u00bb#000000&#8243; transparency=\u00bb1&#8243; thickness=\u00bb1&#8243; width=\u00bb100&#8243;]<\/p>\n<p>Esta p\u00e1gina web utiliza cookies para personalizar la usabilidad y para estudiar c\u00f3mo se utiliza nuestra p\u00e1gina web. Usted acepta nuestras cookies si sigue utilizando esta p\u00e1gina web.<\/p>\n<p>&nbsp;<\/p>\n<p>Las cookies son peque\u00f1os archivos de texto que el Website puede utilizar para hacer m\u00e1s eficiente la experiencia del usuario.<\/p>\n<p>&nbsp;<\/p>\n<p>La ley afirma que podemos almacenar cookies en su dispositivo si son estrictamente necesarias para el funcionamiento de este sitio web. Para todos los dem\u00e1s tipos de cookies necesitamos su consentimiento.<\/p>\n<p>&nbsp;<\/p>\n<p>Esta p\u00e1gina utiliza diferentes tipos de cookies. Algunas cookies son colocadas por servicios de terceros que aparecen en nuestras p\u00e1ginas.<\/p>\n<p>&nbsp;<\/p>\n<p>Las herramientas de email-marketing del responsable del dominio, utilizan peque\u00f1as im\u00e1genes invisibles para los usuarios que est\u00e1n incluidas en los emails. Esta tecnolog\u00eda nos permite saber si un correo electr\u00f3nico se ha le\u00eddo o no, en qu\u00e9 fecha, la direcci\u00f3n IP desde la que se ha consultado, etc. Con esta informaci\u00f3n, podemos realizar estudios estad\u00edsticos y anal\u00edticos sobre el env\u00edo y recepci\u00f3n de los correos electr\u00f3nicos para mejorar la oferta de los servicios y\/o productos a los que el usuario est\u00e1 suscrito y ofrecerle informaci\u00f3n que pueda ser de su inter\u00e9s.<\/p>\n<p>[vc_empty_space height=\u00bb75px\u00bb]<\/p>\n<h2 style=\"text-align: left;\">\u00bfCu\u00e1les son los distintos tipos de galletas que podemos utilizar?<\/h2>\n<p>[vc_separator type=\u00bbsmall\u00bb position=\u00bbleft\u00bb up=\u00bb15&#8243; down=\u00bb40&#8243; color=\u00bb#000000&#8243; transparency=\u00bb1&#8243; thickness=\u00bb1&#8243; width=\u00bb100&#8243;]<\/p>\n<ul>\n<li style=\"list-style-type: none;\">\n<ul>\n<li style=\"list-style-type: none;\">\n<ul style=\"text-align: left;\">\n<li style=\"text-align: left;\">Las de sesi\u00f3n expiran cuando el Usuario abandona el Website o cierra el navegador, es decir, est\u00e1n activas mientras dura la visita a la p\u00e1gina web y, por tanto, son borradas de su ordenador al abandonarlo.<\/li>\n<li style=\"text-align: left;\">Las permanentes expiran cuando se cumple el objetivo para el que sirven o cuando se borran manualmente, tienen fecha de borrado y se utilizan normalmente en proceso de compra online, personalizaciones o en el registro, para no tener que introducir nuestra contrase\u00f1a constantemente.<\/li>\n<\/ul>\n<\/li>\n<\/ul>\n<\/li>\n<\/ul>\n<p>&nbsp;<\/p>\n<p style=\"text-align: left;\">Por otra parte, seg\u00fan quien sea la entidad que gestione el equipo o dominio desde donde se env\u00eden las cookies y trate los datos que se obtengan, podemos distinguir entre cookies propias y de terceros.<\/p>\n<p>&nbsp;<\/p>\n<ul>\n<li style=\"list-style-type: none;\">\n<ul>\n<li style=\"list-style-type: none;\">\n<ul style=\"text-align: left;\">\n<li>Las cookies propias son aquellas cookies que son enviadas a tu ordenador y gestionadas exclusivamente por nosotros para el mejor funcionamiento del Sitio Web. La informaci\u00f3n que recaudamos se emplea para mejorar la calidad de nuestro servicio y tu experiencia como usuario.<\/li>\n<li>Si interact\u00faas con el contenido de nuestro Website tambi\u00e9n se pueden establecer cookies de terceros (por ejemplo, al pulsar botones de redes sociales o visionar v\u00eddeos alojados en otro sitio web), que son aqu\u00e9llas establecidas por un dominio distinto a nuestro sitio web. No podemos acceder a los datos almacenados en las cookies de otros sitios web cuando navegues en dichos sitios web.<\/li>\n<\/ul>\n<\/li>\n<\/ul>\n<\/li>\n<\/ul>\n<p>&nbsp;<\/p>\n<p>&nbsp;<\/p>\n<p style=\"text-align: left;\">\n<table id=\"tablepress-1\" class=\"tablepress tablepress-id-1\">\n<thead>\n<tr class=\"row-1\">\n\t<th class=\"column-1\">NOM<\/th><th class=\"column-2\">TIPUS<\/th><th class=\"column-3\">ORIGEN<\/th><th class=\"column-4\">DURACI\u00d3<\/th><th class=\"column-5\">FUNCI\u00d3<\/th>\n<\/tr>\n<\/thead>\n<tbody class=\"row-striping row-hover\">\n<tr class=\"row-2\">\n\t<td class=\"column-1\">_grecaptcha<\/td><td class=\"column-2\">Funcional<\/td><td class=\"column-3\">Google reCAPTCHA<\/td><td class=\"column-4\">6 mesos<\/td><td class=\"column-5\">Proporcionar protecci\u00f3 contra correu no desitjat<\/td>\n<\/tr>\n<tr class=\"row-3\">\n\t<td class=\"column-1\">rc::c<\/td><td class=\"column-2\">M\u00e0rqueting<\/td><td class=\"column-3\">Google reCAPTCHA<\/td><td class=\"column-4\">Sessi\u00f3<\/td><td class=\"column-5\">Filtrar les sol\u00b7licituds dels robots<\/td>\n<\/tr>\n<tr class=\"row-4\">\n\t<td class=\"column-1\">rc::b<\/td><td class=\"column-2\">M\u00e0rqueting<\/td><td class=\"column-3\">Google reCAPTCHA<\/td><td class=\"column-4\">Sessi\u00f3<\/td><td class=\"column-5\">Filtrar les sol\u00b7licituds dels robots<\/td>\n<\/tr>\n<tr class=\"row-5\">\n\t<td class=\"column-1\">rc::a<\/td><td class=\"column-2\">M\u00e0rqueting<\/td><td class=\"column-3\">Google reCAPTCHA<\/td><td class=\"column-4\">Persistent<\/td><td class=\"column-5\">Filtrar les sol\u00b7licituds dels robots<\/td>\n<\/tr>\n<tr class=\"row-6\">\n\t<td class=\"column-1\">wpEmojiSettingsSupports<\/td><td class=\"column-2\">Funcional<\/td><td class=\"column-3\">WordPress<\/td><td class=\"column-4\">Sessi\u00f3<\/td><td class=\"column-5\">Emmagatzema els detalls del navegador<\/td>\n<\/tr>\n<tr class=\"row-7\">\n\t<td class=\"column-1\">_ga<\/td><td class=\"column-2\">Estad\u00edstiques<\/td><td class=\"column-3\">Google Analytics<\/td><td class=\"column-4\">2 anys<\/td><td class=\"column-5\">Compta i fa un seguiment de les p\u00e0gines vistes<\/td>\n<\/tr>\n<tr class=\"row-8\">\n\t<td class=\"column-1\">_ga_*<\/td><td class=\"column-2\">Estad\u00edstiques<\/td><td class=\"column-3\">Google Analytics<\/td><td class=\"column-4\">1 any<\/td><td class=\"column-5\">Compta i fa un seguiment de les p\u00e0gines vistes<\/td>\n<\/tr>\n<tr class=\"row-9\">\n\t<td class=\"column-1\">wp-wpml_current_languag<\/td><td class=\"column-2\">Funcional<\/td><td class=\"column-3\">WPML<\/td><td class=\"column-4\">1 dia<\/td><td class=\"column-5\">Emmagatzema la configuraci\u00f3 de l'idiomes<\/td>\n<\/tr>\n<tr class=\"row-10\">\n\t<td class=\"column-1\">Google Fonts API<\/td><td class=\"column-2\">M\u00e0rqueting<\/td><td class=\"column-3\">Google Fonts<\/td><td class=\"column-4\">No<\/td><td class=\"column-5\">Preguntar la direcci\u00f3 IP de l'usuari<\/td>\n<\/tr>\n<tr class=\"row-11\">\n\t<td class=\"column-1\">Google Maps API<\/td><td class=\"column-2\">M\u00e0rqueting<\/td><td class=\"column-3\">Google Maps<\/td><td class=\"column-4\">No<\/td><td class=\"column-5\">Preguntar la direcci\u00f3 IP de l'usuari<\/td>\n<\/tr>\n<\/tbody>\n<\/table>\n<!-- #tablepress-1 from cache --><\/p>\n<p>&nbsp;<\/p>\n<p>En cualquier caso, los usuarios pueden configurar su navegador, de forma que se desactive o bloquee la recepci\u00f3n de todas o algunas de las cookies. El no desear recibir estas cookies, no constituye un impedimento para poder acceder a la informaci\u00f3n de los Website del responsable del dominio, aunque el uso de algunos servicios podr\u00e1 ser limitado. Si una vez otorgado el consentimiento para la recepci\u00f3n de cookies, se desea retirar \u00e9ste, se habr\u00e1n eliminado aquellas almacenadas en el equipo del usuario, a trav\u00e9s de las opciones de los diferentes navegadores.<\/p>\n<p>&nbsp;<\/p>\n<p>La forma de configurar algunos de los distintos navegadores para ejercitar las acciones se\u00f1aladas en los p\u00e1rrafos anteriores, se puede consultar en:<\/p>\n<p>&nbsp;<\/p>\n<ul>\n<li style=\"list-style-type: none;\">\n<ul>\n<li style=\"list-style-type: none;\">\n<ul style=\"text-align: left;\">\n<li style=\"text-align: left;\"><strong>Firefox des de aqu\u00ed:<\/strong> <a href=\"https:\/\/support.mozilla.org\/es\/kb\/habilitar-y-deshabilitar-cookies-que-los-sitios-we\" target=\"_blank\" rel=\"noopener noreferrer\">https:\/\/support.mozilla.org\/es\/kb\/habilitar-y-deshabilitar-cookies-que-los-sitios-we<\/a><\/li>\n<li style=\"text-align: left;\"><strong>Chrome des de aqu\u00ed:<\/strong> <a href=\"http:\/\/support.google.com\/chrome\/bin\/answer.py?hl=es&amp;answer=95647\" target=\"_blank\" rel=\"noopener noreferrer\">http:\/\/support.google.com\/chrome\/bin\/answer.py?hl=es&amp;answer=95647<\/a><\/li>\n<li style=\"text-align: left;\"><strong>Explorer des de aqu\u00ed:<\/strong> <a href=\"http:\/\/windows.microsoft.com\/es-es\/windows7\/how-to-manage-cookies-in-internet-explorer-9\" target=\"_blank\" rel=\"noopener noreferrer\">http:\/\/windows.microsoft.com\/es-es\/windows7\/how-to-manage-cookies-in-internet-explorer-9<\/a><\/li>\n<li style=\"text-align: left;\"><strong>Safari des de aqu\u00ed:<\/strong> <a href=\"http:\/\/support.apple.com\/kb\/ph5042\" target=\"_blank\" rel=\"noopener noreferrer\">http:\/\/support.apple.com\/kb\/ph5042<\/a><\/li>\n<li style=\"text-align: left;\"><strong>Opera des de aqu\u00ed:<\/strong> <a href=\"http:\/\/help.opera.com\/Windows\/11.50\/es-ES\/cookies.html\" target=\"_blank\" rel=\"noopener noreferrer\">http:\/\/help.opera.com\/Windows\/11.50\/es-ES\/cookies.html<\/a><\/li>\n<\/ul>\n<\/li>\n<\/ul>\n<\/li>\n<\/ul>\n<p>&nbsp;<\/p>\n<p style=\"text-align: left;\"><a href=\"https:\/\/www.youtube.com\/user\/desdelaAEPD\" target=\"_blank\" rel=\"noopener noreferrer\">Para m\u00e1s informaci\u00f3n tambi\u00e9n puede acceder a los v\u00eddeos did\u00e1cticos publicados por la Agencia Espa\u00f1ola de Protecci\u00f3n de Datos en:INFORMACI\u00d3 AEPD<\/a><\/p>\n<p>&nbsp;<\/p>\n<p style=\"text-align: left;\">Es posible que actualicemos la Pol\u00edtica de Cookies de nuestro sitio web, por eso le recomendamos revisar esta pol\u00edtica cada vez que acceda a nuestro Sitio Web con el objetivo de estar adecuadamente informado sobre c\u00f3mo y por qu\u00e9 utilizamos las cookies. La Pol\u00edtica de Cookies se actualiz\u00f3 por \u00faltima vez a fecha 22 de agosto de 2019.<\/p>\n<p>[\/vc_column_text][\/vc_column][\/vc_row]<\/p>\n<\/div>","protected":false},"excerpt":{"rendered":"<p>[vc_row css_animation=\u00bb\u00bb row_type=\u00bbrow\u00bb use_row_as_full_screen_section=\u00bbno\u00bb type=\u00bbgrid\u00bb angled_section=\u00bbno\u00bb text_align=\u00bbleft\u00bb background_image_as_pattern=\u00bbwithout_pattern\u00bb z_index=\u00bb\u00bb padding_top=\u00bb30&#8243;][vc_column][vc_column_text css=\u00bb\u00bb] Inicio \/\/ Pol\u00edtica de Cookies [\/vc_column_text][\/vc_column][\/vc_row][vc_row css_animation=\u00bb\u00bb row_type=\u00bbrow\u00bb use_row_as_full_screen_section=\u00bbno\u00bb type=\u00bbgrid\u00bb angled_section=\u00bbno\u00bb text_align=\u00bbleft\u00bb background_image_as_pattern=\u00bbwithout_pattern\u00bb padding_top=\u00bb75&#8243; padding_bottom=\u00bb75&#8243; z_index=\u00bb\u00bb anchor=\u00bbinici\u00bb][vc_column][vc_column_text css=\u00bb\u00bb]Esta p\u00e1gina web utiliza tecnolog\u00eda \u00abcookies\u00bb. &nbsp; COIMAR HOSTELERIA SL, (En adelante el responsable del dominio) a trav\u00e9s del presente documento, recoge su Pol\u00edtica de recogida y tratamiento de galletas, en cumplimiento de lo dispuesto en el art\u00edculo 22.2 de la Ley 34\/2002, de 11 de julio , de servicios de la Sociedad de la Informaci\u00f3n y de Comercio Electr\u00f3nico (LSSICE). &nbsp; Las cookies se almacenan en el equipo final del usuario (ordenador o dispositivo m\u00f3vil) y recopilan informaci\u00f3n al visitar la p\u00e1gina web www.hostelvic.com, con el fin de mejorar la usabilidad de \u00e9stas, conocer sus h\u00e1bitos o necesidades de navegaci\u00f3n de los usuarios para poder adaptarse a \u00e9stos, as\u00ed como obtener informaci\u00f3n con fines estad\u00edsticos. En el caso de aquellos usuarios&hellip; <a class=\"continue\" href=\"https:\/\/www.hostelvic.com\/es\/inicio\/politica-de-cookies\/\">CONTINUAR >><span> Pol\u00edtica de cookies<\/span><\/a><\/p>\n","protected":false},"author":1,"featured_media":0,"parent":16102,"menu_order":0,"comment_status":"open","ping_status":"open","template":"full_width.php","meta":{"_joinchat":[],"footnotes":""},"class_list":["post-16170","page","type-page","status-publish","hentry"],"_links":{"self":[{"href":"https:\/\/www.hostelvic.com\/es\/wp-json\/wp\/v2\/pages\/16170","targetHints":{"allow":["GET"]}}],"collection":[{"href":"https:\/\/www.hostelvic.com\/es\/wp-json\/wp\/v2\/pages"}],"about":[{"href":"https:\/\/www.hostelvic.com\/es\/wp-json\/wp\/v2\/types\/page"}],"author":[{"embeddable":true,"href":"https:\/\/www.hostelvic.com\/es\/wp-json\/wp\/v2\/users\/1"}],"replies":[{"embeddable":true,"href":"https:\/\/www.hostelvic.com\/es\/wp-json\/wp\/v2\/comments?post=16170"}],"version-history":[{"count":1,"href":"https:\/\/www.hostelvic.com\/es\/wp-json\/wp\/v2\/pages\/16170\/revisions"}],"predecessor-version":[{"id":16171,"href":"https:\/\/www.hostelvic.com\/es\/wp-json\/wp\/v2\/pages\/16170\/revisions\/16171"}],"up":[{"embeddable":true,"href":"https:\/\/www.hostelvic.com\/es\/wp-json\/wp\/v2\/pages\/16102"}],"wp:attachment":[{"href":"https:\/\/www.hostelvic.com\/es\/wp-json\/wp\/v2\/media?parent=16170"}],"curies":[{"name":"wp","href":"https:\/\/api.w.org\/{rel}","templated":true}]}}