{"id":16172,"date":"2024-06-20T10:58:18","date_gmt":"2024-06-20T08:58:18","guid":{"rendered":"https:\/\/www.hostelvic.com\/?page_id=16172"},"modified":"2024-07-04T18:16:50","modified_gmt":"2024-07-04T16:16:50","slug":"politica-de-privacidad","status":"publish","type":"page","link":"https:\/\/www.hostelvic.com\/es\/inicio\/politica-de-privacidad\/","title":{"rendered":"Pol\u00edtica de privacidad"},"content":{"rendered":"<div class=\"wpb-content-wrapper\"><p>[vc_row css_animation=\u00bb\u00bb row_type=\u00bbrow\u00bb use_row_as_full_screen_section=\u00bbno\u00bb type=\u00bbgrid\u00bb angled_section=\u00bbno\u00bb text_align=\u00bbleft\u00bb background_image_as_pattern=\u00bbwithout_pattern\u00bb z_index=\u00bb\u00bb padding_top=\u00bb30&#8243;][vc_column][vc_column_text css=\u00bb\u00bb]<\/p>\n<p style=\"text-align: right;\"><a href=\"\/es\">Inicio<\/a> \/\/ Pol\u00edtica de privacidad<\/p>\n<p>[\/vc_column_text][\/vc_column][\/vc_row][vc_row css_animation=\u00bb\u00bb row_type=\u00bbrow\u00bb use_row_as_full_screen_section=\u00bbno\u00bb type=\u00bbgrid\u00bb angled_section=\u00bbno\u00bb text_align=\u00bbleft\u00bb background_image_as_pattern=\u00bbwithout_pattern\u00bb padding_top=\u00bb75&#8243; padding_bottom=\u00bb75&#8243; z_index=\u00bb\u00bb anchor=\u00bbinici\u00bb][vc_column][vc_column_text css=\u00bb\u00bb]De conformidad con lo dispuesto en las normativas vigentes en protecci\u00f3n de datos personales, el Reglamento (UE) 2016\/679 de 27 de abril de 2016 (GDPR) y la Ley Org\u00e1nica (ES) 15\/1999 de 13 de diciembre (LOPD) le informamos que:<\/p>\n<p>&nbsp;<\/p>\n<p>La visita de este sitio web no supone que el usuario est\u00e9 obligado a facilitar ninguna informaci\u00f3n sobre s\u00ed mismo, pero durante la visita se podr\u00edan solicitar datos de car\u00e1cter personal a trav\u00e9s de formularios, \u00e9stos ser\u00edan a consecuencia de su voluntad en contactar para recibir informaci\u00f3n sobre los productos o servicios prestados por COIMAR HOSTELERIA SL, bien a trav\u00e9s de los formularios disponibles, o bien a trav\u00e9s de un mensaje de correo electr\u00f3nico. Sin embargo, no proporcionar los datos marcados como obligatorios impedir\u00e1 que le podamos dar respuesta a su solicitud.<\/p>\n<p>&nbsp;<\/p>\n<p>En caso de que aporte sus datos a trav\u00e9s de un mensaje de correo electr\u00f3nico, el mismo formar\u00e1 parte del mismo tratamiento, la finalidad ser\u00e1 la gesti\u00f3n de la solicitud o comentario que nos realiza, siendo aplicables el resto de extremos indicados en esta Pol\u00edtica de Privacidad.<\/p>\n<p>&nbsp;<\/p>\n<p>El Usuario que env\u00eda la informaci\u00f3n a COIMAR HOSTELER\u00cdA S.L es el \u00fanico responsable de la veracidad y correcci\u00f3n de los datos incluidos, exonerando a COIMAR HOSTELER\u00cdA S.L de cualquier responsabilidad al respecto.<\/p>\n<p>&nbsp;<\/p>\n<p>Los usuarios garantizan y responden, en cualquier caso, de la exactitud, vigencia y autenticidad de los datos personales facilitados, comprometi\u00e9ndose a mantenerlos debidamente actualizados. El usuario acepta proporcionar informaci\u00f3n completa y correcta en todos nuestros formularios.<\/p>\n<p>[vc_empty_space height=\u00bb75px\u00bb]<\/p>\n<h2 style=\"text-align: left;\">INFORMACI\u00d3N SOBRE LA PROTECCI\u00d3N DE DATOS<\/h2>\n<p>[vc_separator type=\u00bbsmall\u00bb position=\u00bbleft\u00bb up=\u00bb15&#8243; down=\u00bb60&#8243; color=\u00bb#000000&#8243; transparency=\u00bb1&#8243; thickness=\u00bb1&#8243; width=\u00bb100&#8243;]<\/p>\n<h3 style=\"text-align: left;\">Responsable del tratamiento de sus datos<\/h3>\n<p>[vc_separator type=\u00bbsmall\u00bb position=\u00bbleft\u00bb up=\u00bb15&#8243; down=\u00bb40&#8243; color=\u00bb#000000&#8243; transparency=\u00bb1&#8243; thickness=\u00bb1&#8243; width=\u00bb50&#8243;]<\/p>\n<ul style=\"text-align: left;\">\n<li style=\"text-align: left;\">Identidad: COIMAR HOSTELER\u00cdA S.L<\/li>\n<li style=\"text-align: left;\">CIF: B62470323<\/li>\n<li style=\"text-align: left;\">Direcci\u00f3n: C\/DR. SALARICH 12 08500 VIC (BARCELONA)<\/li>\n<li style=\"text-align: left;\">Tel\u00e9fono: 938895022<\/li>\n<li style=\"text-align: left;\">Correo electr\u00f3nico: info@hostelvic.com<\/li>\n<\/ul>\n<p>[vc_empty_space height=\u00bb75px\u00bb]<\/p>\n<h3 style=\"text-align: left;\">Finalidad con la que tratamos sus datos<\/h3>\n<p>[vc_separator type=\u00bbsmall\u00bb position=\u00bbleft\u00bb up=\u00bb15&#8243; down=\u00bb40&#8243; color=\u00bb#000000&#8243; transparency=\u00bb1&#8243; thickness=\u00bb1&#8243; width=\u00bb50&#8243;]<\/p>\n<p style=\"text-align: left;\">En COIMAR HOSTELER\u00cdA S.L tratamos la informaci\u00f3n que nos facilitan las personas interesadas (Usuarios de este sitio web) para:<\/p>\n<p>&nbsp;<\/p>\n<ol>\n<li style=\"list-style-type: none;\">\n<ol>\n<li style=\"list-style-type: none;\">\n<ol style=\"text-align: left;\">\n<li>Dar respuesta a sus solicitudes formuladas a trav\u00e9s de nuestros formularios o por cualquier otro medio de contacto disponible en la p\u00e1gina web.<\/li>\n<li>Permitir a la empresa realizar encuestas sobre la satisfacci\u00f3n del cliente relacionadas con la calidad de los servicios de la empresa de acuerdo con el inter\u00e9s leg\u00edtimo de la misma.<\/li>\n<li>El env\u00edo de comunicaciones comerciales, as\u00ed como el env\u00edo de publicidad sobre productos y servicios de la empresa, o la realizaci\u00f3n de investigaciones de mercado (\u00abMarketing\u00bb); (Bajo su consentimiento expreso)<\/li>\n<\/ol>\n<\/li>\n<\/ol>\n<\/li>\n<\/ol>\n<p>&nbsp;<\/p>\n<p style=\"text-align: left;\">Los datos podr\u00e1n procesarse en copia impresa, por medios autom\u00e1ticos o electr\u00f3nicos, incluidos por correo postal o electr\u00f3nico, tel\u00e9fono (por ejemplo, llamadas telef\u00f3nicas autom\u00e1ticas, SMS, MMS), fax y cualquier otro medio (por ejemplo, sitios web, aplicaciones m\u00f3viles).<\/p>\n<p>[vc_empty_space height=\u00bb75px\u00bb]<\/p>\n<h3 style=\"text-align: left;\">Legitimaci\u00f3n para el tratamiento de sus datos<\/h3>\n<p>[vc_separator type=\u00bbsmall\u00bb position=\u00bbleft\u00bb up=\u00bb15&#8243; down=\u00bb40&#8243; color=\u00bb#000000&#8243; transparency=\u00bb1&#8243; thickness=\u00bb1&#8243; width=\u00bb50&#8243;]<\/p>\n<p style=\"text-align: left;\">La Legitimaci\u00f3n est\u00e1 basada en el inter\u00e9s leg\u00edtimo, as\u00ed como por el consentimiento que se le pide, y que usted nos otorga expl\u00edcitamente con la aceptaci\u00f3n de las casillas disponibles en el apartado \u00abConsentimiento\/s\u00bb disponibles en los formularios habilitados en este sitio web.<\/p>\n<p>[vc_empty_space height=\u00bb75px\u00bb]<\/p>\n<h3 style=\"text-align: left;\">Tiempo de conservaci\u00f3n de sus datos<\/h3>\n<p>[vc_separator type=\u00bbsmall\u00bb position=\u00bbleft\u00bb up=\u00bb15&#8243; down=\u00bb40&#8243; color=\u00bb#000000&#8243; transparency=\u00bb1&#8243; thickness=\u00bb1&#8243; width=\u00bb50&#8243;]<\/p>\n<p>Los datos proporcionados en el contenido de sus solicitudes, proporcionar el servicio y la satisfacci\u00f3n del cliente ser\u00e1n conservados por la empresa por el per\u00edodo que se considere estrictamente necesario para cumplir estos prop\u00f3sitos, respetando en todo caso los plazos legales que exige la legislaci\u00f3n aplicable, el responsable del tratamiento puede seguir conservando por un per\u00edodo m\u00e1s largo, y seg\u00fan sea necesario para proteger los intereses del mismo en relaci\u00f3n con la responsabilidad propia.<\/p>\n<p>&nbsp;<\/p>\n<p>Los datos con fines de Marketing y Elaboraci\u00f3n de Perfiles ser\u00e1n conservados por la empresa desde el momento en que usted dio su consentimiento hasta el momento que lo revoque. Una vez que el consentimiento sea revocado los datos no ser\u00e1n m\u00e1s utilizados para estos fines.<\/p>\n<p>[vc_empty_space height=\u00bb75px\u00bb]<\/p>\n<h3 style=\"text-align: left;\">Decisiones<\/h3>\n<p>[vc_separator type=\u00bbsmall\u00bb position=\u00bbleft\u00bb up=\u00bb15&#8243; down=\u00bb40&#8243; color=\u00bb#000000&#8243; transparency=\u00bb1&#8243; thickness=\u00bb1&#8243; width=\u00bb50&#8243;]<\/p>\n<p style=\"text-align: left;\">No se tomar\u00e1n decisiones automatizadas.<\/p>\n<p>[vc_empty_space height=\u00bb75px\u00bb]<\/p>\n<h3 style=\"text-align: left;\">Destinatarios<\/h3>\n<p>[vc_separator type=\u00bbsmall\u00bb position=\u00bbleft\u00bb up=\u00bb15&#8243; down=\u00bb40&#8243; color=\u00bb#000000&#8243; transparency=\u00bb1&#8243; thickness=\u00bb1&#8243; width=\u00bb50&#8243;]<\/p>\n<p style=\"text-align: left;\">Los Datos pueden ser comunicados a terceros para cumplir con obligaciones legales, ejecutar \u00f3rdenes de Autoridades P\u00fablicas o ejercitar un derecho del responsable del tratamiento ante las autoridades judiciales. As\u00ed como a organizaciones o personas directamente relacionadas con el responsable en calidad de encargados de tratamiento debidamente acreditados y autorizados.<\/p>\n<p>[vc_empty_space height=\u00bb75px\u00bb]<\/p>\n<h3 style=\"text-align: left;\">Derechos<\/h3>\n<p>[vc_separator type=\u00bbsmall\u00bb position=\u00bbleft\u00bb up=\u00bb15&#8243; down=\u00bb40&#8243; color=\u00bb#000000&#8243; transparency=\u00bb1&#8243; thickness=\u00bb1&#8243; width=\u00bb50&#8243;]<\/p>\n<p style=\"text-align: left;\">Puede ejercer los siguientes derechos:<\/p>\n<p>&nbsp;<\/p>\n<ol>\n<li style=\"list-style-type: none;\">\n<ol>\n<li style=\"list-style-type: none;\">\n<ol style=\"text-align: left;\">\n<li style=\"text-align: left;\">derecho de acceso, significa: derecho a obtener de la empresa si sus datos est\u00e1n siendo tratados y, en su caso, tener acceso a ellos;<\/li>\n<li style=\"text-align: left;\">derecho a rectificaci\u00f3n y derecho a borrar, significa: derecho a obtener la rectificaci\u00f3n de datos inexactos y\/o incompletos, as\u00ed como el borrado de los datos cuando la solicitud sea leg\u00edtima;<\/li>\n<li style=\"text-align: left;\">derecho a la restricci\u00f3n del tratamiento, significa: derecho a solicitar la suspensi\u00f3n del tratamiento cuando la solicitud sea leg\u00edtima;<\/li>\n<li style=\"text-align: left;\">derecho a la portabilidad de los datos significa: derecho a obtener los datos en un formato estructurado, com\u00fanmente utilizado y legible, as\u00ed como derecho a transferir los datos a otros responsables en un formato electr\u00f3nico;<\/li>\n<li style=\"text-align: left;\">derecho a oponerse, significa: derecho a oponerse al tratamiento de datos cuando la solicitud sea leg\u00edtima, incluso cuando los datos se procesen por Marketing o Elaboraci\u00f3n de Perfiles, si procede.<\/li>\n<\/ol>\n<\/li>\n<\/ol>\n<\/li>\n<\/ol>\n<p>&nbsp;<\/p>\n<p style=\"text-align: left;\">En cualquier caso, si lo considera procedente usted puede formularnos cualquier pregunta relacionada con el tratamiento de sus datos personales, adem\u00e1s tiene derecho a prestar reclamaci\u00f3n ante las autoridades de control competentes que corresponda. (AEPD)<\/p>\n<p>[\/vc_column_text][\/vc_column][\/vc_row]<\/p>\n<\/div>","protected":false},"excerpt":{"rendered":"<p>[vc_row css_animation=\u00bb\u00bb row_type=\u00bbrow\u00bb use_row_as_full_screen_section=\u00bbno\u00bb type=\u00bbgrid\u00bb angled_section=\u00bbno\u00bb text_align=\u00bbleft\u00bb background_image_as_pattern=\u00bbwithout_pattern\u00bb z_index=\u00bb\u00bb padding_top=\u00bb30&#8243;][vc_column][vc_column_text css=\u00bb\u00bb] Inicio \/\/ Pol\u00edtica de privacidad [\/vc_column_text][\/vc_column][\/vc_row][vc_row css_animation=\u00bb\u00bb row_type=\u00bbrow\u00bb use_row_as_full_screen_section=\u00bbno\u00bb type=\u00bbgrid\u00bb angled_section=\u00bbno\u00bb text_align=\u00bbleft\u00bb background_image_as_pattern=\u00bbwithout_pattern\u00bb padding_top=\u00bb75&#8243; padding_bottom=\u00bb75&#8243; z_index=\u00bb\u00bb anchor=\u00bbinici\u00bb][vc_column][vc_column_text css=\u00bb\u00bb]De conformidad con lo dispuesto en las normativas vigentes en protecci\u00f3n de datos personales, el Reglamento (UE) 2016\/679 de 27 de abril de 2016 (GDPR) y la Ley Org\u00e1nica (ES) 15\/1999 de 13 de diciembre (LOPD) le informamos que: &nbsp; La visita de este sitio web no supone que el usuario est\u00e9 obligado a facilitar ninguna informaci\u00f3n sobre s\u00ed mismo, pero durante la visita se podr\u00edan solicitar datos de car\u00e1cter personal a trav\u00e9s de formularios, \u00e9stos ser\u00edan a consecuencia de su voluntad en contactar para recibir informaci\u00f3n sobre los productos o servicios prestados por COIMAR HOSTELERIA SL, bien a trav\u00e9s de los formularios disponibles, o bien a trav\u00e9s de un mensaje de correo electr\u00f3nico. Sin embargo, no proporcionar los datos marcados como&hellip; <a class=\"continue\" href=\"https:\/\/www.hostelvic.com\/es\/inicio\/politica-de-privacidad\/\">CONTINUAR >><span> Pol\u00edtica de privacidad<\/span><\/a><\/p>\n","protected":false},"author":1,"featured_media":0,"parent":16102,"menu_order":0,"comment_status":"open","ping_status":"open","template":"full_width.php","meta":{"_joinchat":[],"footnotes":""},"class_list":["post-16172","page","type-page","status-publish","hentry"],"_links":{"self":[{"href":"https:\/\/www.hostelvic.com\/es\/wp-json\/wp\/v2\/pages\/16172","targetHints":{"allow":["GET"]}}],"collection":[{"href":"https:\/\/www.hostelvic.com\/es\/wp-json\/wp\/v2\/pages"}],"about":[{"href":"https:\/\/www.hostelvic.com\/es\/wp-json\/wp\/v2\/types\/page"}],"author":[{"embeddable":true,"href":"https:\/\/www.hostelvic.com\/es\/wp-json\/wp\/v2\/users\/1"}],"replies":[{"embeddable":true,"href":"https:\/\/www.hostelvic.com\/es\/wp-json\/wp\/v2\/comments?post=16172"}],"version-history":[{"count":1,"href":"https:\/\/www.hostelvic.com\/es\/wp-json\/wp\/v2\/pages\/16172\/revisions"}],"predecessor-version":[{"id":16173,"href":"https:\/\/www.hostelvic.com\/es\/wp-json\/wp\/v2\/pages\/16172\/revisions\/16173"}],"up":[{"embeddable":true,"href":"https:\/\/www.hostelvic.com\/es\/wp-json\/wp\/v2\/pages\/16102"}],"wp:attachment":[{"href":"https:\/\/www.hostelvic.com\/es\/wp-json\/wp\/v2\/media?parent=16172"}],"curies":[{"name":"wp","href":"https:\/\/api.w.org\/{rel}","templated":true}]}}